{"id":4189,"date":"2026-04-20T16:19:34","date_gmt":"2026-04-20T14:19:34","guid":{"rendered":"https:\/\/dev.oposeureka.com\/?page_id=4189"},"modified":"2026-05-08T13:25:19","modified_gmt":"2026-05-08T11:25:19","slug":"curso-auxilio-judicial","status":"publish","type":"page","link":"https:\/\/oposeureka.com\/es\/curso-auxilio-judicial\/","title":{"rendered":"Curso Auxilio Judicial"},"content":{"rendered":"\t\t<div data-elementor-type=\"wp-page\" data-elementor-id=\"4189\" class=\"elementor elementor-4189 elementor-4144\" data-elementor-post-type=\"page\">\n\t\t\t\t<div class=\"elementor-element elementor-element-f1c9634 e-con-full e-flex e-con e-parent\" data-id=\"f1c9634\" data-element_type=\"container\" data-e-type=\"container\">\n\t\t\t\t<div class=\"elementor-element elementor-element-acc3e21 elementor--h-position-center elementor--v-position-middle elementor-widget elementor-widget-slides\" data-id=\"acc3e21\" data-element_type=\"widget\" data-e-type=\"widget\" data-settings=\"{&quot;navigation&quot;:&quot;none&quot;,&quot;transition&quot;:&quot;slide&quot;,&quot;transition_speed&quot;:500}\" data-widget_type=\"slides.default\">\n\t\t\t\t<div class=\"elementor-widget-container\">\n\t\t\t\t\t\t\t\t\t<div class=\"elementor-swiper\">\n\t\t\t\t\t<div class=\"elementor-slides-wrapper elementor-main-swiper swiper\" role=\"region\" aria-roledescription=\"carousel\" aria-label=\"Slides\" dir=\"ltr\" data-animation=\"fadeInUp\">\n\t\t\t\t<div class=\"swiper-wrapper elementor-slides\">\n\t\t\t\t\t\t\t\t\t\t<div class=\"elementor-repeater-item-45d18d4 swiper-slide\" role=\"group\" aria-roledescription=\"slide\"><div class=\"swiper-slide-bg elementor-ken-burns elementor-ken-burns--in\" role=\"img\" aria-label=\"Auxili Judicial\"><\/div><div class=\"elementor-background-overlay\"><\/div><div class=\"swiper-slide-inner\" ><div class=\"swiper-slide-contents\"><div class=\"elementor-slide-heading\">Curso de Auxilio Judicial<\/div><div class=\"elementor-slide-description\">Dos generaciones formando a opositores<\/div><\/div><\/div><\/div>\t\t\t\t<\/div>\n\t\t\t\t\t\t\t<\/div>\n\t\t\t\t<\/div>\n\t\t\t\t\t\t\t\t<\/div>\n\t\t\t\t<\/div>\n\t\t\t\t<\/div>\n\t\t<div class=\"elementor-element elementor-element-027542e e-con-full e-flex e-con e-parent\" data-id=\"027542e\" data-element_type=\"container\" data-e-type=\"container\">\n\t\t<div class=\"elementor-element elementor-element-397865d e-con-full e-flex e-con e-child\" data-id=\"397865d\" data-element_type=\"container\" data-e-type=\"container\">\n\t\t\t\t<div class=\"elementor-element elementor-element-75abee5 elementor-widget elementor-widget-image\" data-id=\"75abee5\" data-element_type=\"widget\" data-e-type=\"widget\" data-widget_type=\"image.default\">\n\t\t\t\t<div class=\"elementor-widget-container\">\n\t\t\t\t\t\t\t\t\t\t\t\t\t\t\t<img decoding=\"async\" width=\"72\" height=\"58\" src=\"https:\/\/oposeureka.com\/wp-content\/uploads\/2025\/07\/gestio-processal.png\" class=\"attachment-full size-full wp-image-1660\" alt=\"gesti\u00f3 processal\" \/>\t\t\t\t\t\t\t\t\t\t\t\t\t\t\t<\/div>\n\t\t\t\t<\/div>\n\t\t\t\t<div class=\"elementor-element elementor-element-8985cb9 elementor-widget elementor-widget-text-editor\" data-id=\"8985cb9\" data-element_type=\"widget\" data-e-type=\"widget\" data-widget_type=\"text-editor.default\">\n\t\t\t\t<div class=\"elementor-widget-container\">\n\t\t\t\t\t\t\t\t\t<h2><span style=\"color: #0d293d;\"><strong>Curso de Auxilio Judicial<\/strong><\/span><\/h2>\t\t\t\t\t\t\t\t<\/div>\n\t\t\t\t<\/div>\n\t\t\t\t<\/div>\n\t\t\t\t<\/div>\n\t\t<div class=\"elementor-element elementor-element-8e2e790 e-con-full e-flex e-con e-parent\" data-id=\"8e2e790\" data-element_type=\"container\" data-e-type=\"container\">\n\t\t\t\t<div class=\"elementor-element elementor-element-f66d006 elementor-widget elementor-widget-text-editor\" data-id=\"f66d006\" data-element_type=\"widget\" data-e-type=\"widget\" data-widget_type=\"text-editor.default\">\n\t\t\t\t<div class=\"elementor-widget-container\">\n\t\t\t\t\t\t\t\t\t<p data-start=\"0\" data-end=\"172\">Tenint en compte la previsi\u00f3 facilitada per l\u2019Ajuntament de Barcelona, <strong>hem iniciat ja el curs de preparaci\u00f3 per a la prova de temari<\/strong>, prevista per al mes de febrer de 2027.<\/p><p data-start=\"174\" data-end=\"539\">A Eureka t\u2019oferim una <strong>preparaci\u00f3 integral<\/strong> i orientada a l\u2019\u00e8xit durant tot el proc\u00e9s d\u2019oposici\u00f3. No nom\u00e9s treballem el contingut te\u00f2ric de la prova de temari amb una metodologia clara, estructurada i adaptada a les exig\u00e8ncies de la convocat\u00f2ria, sin\u00f3 que <strong>tamb\u00e9 et preparem de manera espec\u00edfica per a la prova d\u2019ofim\u00e0tica, amb pr\u00e0ctica guiada i recursos actualitzats<\/strong>.<\/p><p data-start=\"541\" data-end=\"696\" data-is-last-node=\"\" data-is-only-node=\"\">Amb un acompanyament constant i un enfocament pr\u00e0ctic, t\u2019ajudem a optimitzar el teu rendiment i a augmentar les teves opcions d\u2019obtenir una pla\u00e7a.<\/p>\t\t\t\t\t\t\t\t<\/div>\n\t\t\t\t<\/div>\n\t\t\t\t<\/div>\n\t\t<div class=\"elementor-element elementor-element-e17ec11 e-con-full e-flex e-con e-parent\" data-id=\"e17ec11\" data-element_type=\"container\" data-e-type=\"container\">\n\t\t<div class=\"elementor-element elementor-element-0134d97 e-con-full e-flex e-con e-child\" data-id=\"0134d97\" data-element_type=\"container\" data-e-type=\"container\">\n\t\t\t\t<div class=\"elementor-element elementor-element-a14270f elementor-widget elementor-widget-text-editor\" data-id=\"a14270f\" data-element_type=\"widget\" data-e-type=\"widget\" data-widget_type=\"text-editor.default\">\n\t\t\t\t<div class=\"elementor-widget-container\">\n\t\t\t\t\t\t\t\t\t<h3><strong>CURSO DE AUXILIO JUDICIAL<\/strong><\/h3><p>CURSO ONLINE Y PRESENCIAL<\/p><p data-path-to-node=\"3\">Con la experiencia acumulada de <b data-path-to-node=\"3\" data-index-in-node=\"110\">dos generaciones de preparadores<\/b>, conocemos a fondo el funcionamiento y c\u00f3mo hay que prepararse para los procesos selectivos de Justicia. Sabemos exactamente c\u00f3mo guiarte para que consigas tu plaza en el cuerpo de <b data-path-to-node=\"3\" data-index-in-node=\"293\">Auxilio Judicial<\/b>.<\/p><h5 data-path-to-node=\"4\"><strong>\u00bfQu\u00e9 incluye el curso?<\/strong><\/h5><p data-path-to-node=\"5\">Empezamos cursos de preparaci\u00f3n integral de 11-12 meses cada mes de <b data-path-to-node=\"5\" data-index-in-node=\"169\">octubre<\/b>:<\/p><ul data-path-to-node=\"6\"><li><p data-path-to-node=\"6,0,0\"><b data-path-to-node=\"6,0,0\" data-index-in-node=\"0\">Preparaci\u00f3n completa del temario:<\/b> explicaciones detalladas y temario actualizado.<\/p><\/li><li><p data-path-to-node=\"6,2,0\"><b data-path-to-node=\"6,2,0\" data-index-in-node=\"0\">Seguimiento:<\/b> Realizamos <b data-path-to-node=\"6,2,0\" data-index-in-node=\"40\">tests de pr\u00e1ctica<\/b> constantes y <b data-path-to-node=\"6,2,0\" data-index-in-node=\"70\">simulacros de examen<\/b> peri\u00f3dicos que replican las condiciones reales. Esto te permitir\u00e1:<\/p><ul data-path-to-node=\"6,2,1\"><li><p data-path-to-node=\"6,2,1,0,0\">Ganar confianza en la resoluci\u00f3n de casos pr\u00e1cticos.<\/p><\/li><li><p data-path-to-node=\"6,2,1,1,0\">Controlar los tiempos de respuesta.<\/p><\/li><li><p data-path-to-node=\"6,2,1,2,0\">Analizar tu evoluci\u00f3n personalizada con nuestro equipo.<\/p><\/li><\/ul><\/li><\/ul><h5 data-path-to-node=\"7\"><b data-path-to-node=\"7\" data-index-in-node=\"0\">Duraci\u00f3n del curso:\u00a0<\/b><\/h5><p data-path-to-node=\"8\">Nuestros cursos est\u00e1n dise\u00f1ados para una preparaci\u00f3n profunda y progresiva:<\/p><ul data-path-to-node=\"9\"><li><p data-path-to-node=\"9,0,0\"><b data-path-to-node=\"9,0,0\" data-index-in-node=\"0\">Inicio:<\/b>\u00a0cada mes de\u00a0<b data-path-to-node=\"9,0,0\" data-index-in-node=\"20\">octubre<\/b>\u00a0empezamos cursos nuevos.<\/p><\/li><li><p data-path-to-node=\"9,1,0\"><b data-path-to-node=\"9,1,0\" data-index-in-node=\"0\">Duraci\u00f3n:<\/b>\u00a0El curso tiene una duraci\u00f3n estimada de\u00a0<b data-path-to-node=\"9,1,0\" data-index-in-node=\"60\">11 a 12 meses<\/b>, el tiempo \u00f3ptimo para asimilar contenidos y perfeccionar la t\u00e9cnica de examen.<\/p><\/li><\/ul><h5><strong>Metodolog\u00eda del curso<\/strong><\/h5><ul><li>Preparaci\u00f3n para los dos ejercicios de los que consta el proceso selectivo.\u00a0<\/li><li>El temario lo vendemos todo impreso por temas en el momento de hacer la matr\u00edcula al curso.\u00a0<\/li><li>Ofrecemos <strong>modalidad h\u00edbrida<\/strong> del curso, de modo que se puede asistir de forma presencial o seguir la clase en directo por videoconferencia, indistintamente.\u00a0<\/li><li>Opci\u00f3n de hacer el curso \u00fanicamente online con clases por videoconferencia.<\/li><li>Las clases las grabamos y las colgamos en el Campus para aquellos alumnos que no hayan podido asistir o quieran volver a ver la clase.\u00a0<\/li><li><strong>Clases por videoconferencia<\/strong> de preparaci\u00f3n para la prueba de Word.<\/li><li>Test de pr\u00e1cticas<\/li><li>Ex\u00e1menes de convocatorias anteriores<\/li><li>Simulacros de examen<\/li><\/ul><h5><strong>Horarios<\/strong><\/h5><p>Clases de temario: Lunes y mi\u00e9rcoles en horario de 16:00h a 19:00h<\/p><h5><strong>Precio del curso<\/strong><\/h5><ul><li>Matr\u00edcula: 40 euros<\/li><li>Curso h\u00edbrido: 110 euros\/mes<\/li><li>Curso online: 85 euros\/mes<\/li><li>Temario: 90 euros<\/li><\/ul>\t\t\t\t\t\t\t\t<\/div>\n\t\t\t\t<\/div>\n\t\t\t\t<\/div>\n\t\t<div class=\"elementor-element elementor-element-93b4986 e-con-full e-flex elementor-invisible e-con e-child\" data-id=\"93b4986\" data-element_type=\"container\" data-e-type=\"container\" data-settings=\"{&quot;motion_fx_motion_fx_scrolling&quot;:&quot;yes&quot;,&quot;motion_fx_translateY_effect&quot;:&quot;yes&quot;,&quot;motion_fx_translateY_direction&quot;:&quot;negative&quot;,&quot;motion_fx_translateY_affectedRange&quot;:{&quot;unit&quot;:&quot;%&quot;,&quot;size&quot;:&quot;&quot;,&quot;sizes&quot;:{&quot;start&quot;:50,&quot;end&quot;:100}},&quot;sticky&quot;:&quot;top&quot;,&quot;sticky_parent&quot;:&quot;yes&quot;,&quot;animation&quot;:&quot;fadeInUp&quot;,&quot;motion_fx_translateY_speed&quot;:{&quot;unit&quot;:&quot;px&quot;,&quot;size&quot;:4,&quot;sizes&quot;:[]},&quot;motion_fx_devices&quot;:[&quot;desktop&quot;,&quot;tablet&quot;,&quot;mobile&quot;],&quot;sticky_on&quot;:[&quot;desktop&quot;,&quot;tablet&quot;,&quot;mobile&quot;],&quot;sticky_offset&quot;:0,&quot;sticky_effects_offset&quot;:0,&quot;sticky_anchor_link_offset&quot;:0}\">\n\t\t<div class=\"elementor-element elementor-element-48dc353 e-con-full e-flex e-con e-child\" data-id=\"48dc353\" data-element_type=\"container\" data-e-type=\"container\" data-settings=\"{&quot;background_background&quot;:&quot;classic&quot;,&quot;motion_fx_motion_fx_scrolling&quot;:&quot;yes&quot;,&quot;motion_fx_translateY_effect&quot;:&quot;yes&quot;,&quot;motion_fx_translateY_direction&quot;:&quot;negative&quot;,&quot;motion_fx_translateY_affectedRange&quot;:{&quot;unit&quot;:&quot;%&quot;,&quot;size&quot;:&quot;&quot;,&quot;sizes&quot;:{&quot;start&quot;:50,&quot;end&quot;:70}},&quot;motion_fx_translateY_speed&quot;:{&quot;unit&quot;:&quot;px&quot;,&quot;size&quot;:4,&quot;sizes&quot;:[]},&quot;motion_fx_devices&quot;:[&quot;desktop&quot;,&quot;tablet&quot;,&quot;mobile&quot;]}\">\n\t\t\t\t<div class=\"elementor-element elementor-element-5a506e4 elementor-widget elementor-widget-text-editor\" data-id=\"5a506e4\" data-element_type=\"widget\" data-e-type=\"widget\" data-widget_type=\"text-editor.default\">\n\t\t\t\t<div class=\"elementor-widget-container\">\n\t\t\t\t\t\t\t\t\t<h3 style=\"text-align: center;\"><span style=\"color: #ffffff;\"><strong>INSCRIPCIONES<\/strong><\/span><\/h3><h5 style=\"text-align: center;\"><span style=\"color: #ffffff;\">Curso ONLINE Auxilio Judicial<\/span><\/h5>\t\t\t\t\t\t\t\t<\/div>\n\t\t\t\t<\/div>\n\t\t\t\t<div class=\"elementor-element elementor-element-52bb60f elementor-widget elementor-widget-button\" data-id=\"52bb60f\" data-element_type=\"widget\" data-e-type=\"widget\" data-widget_type=\"button.default\">\n\t\t\t\t<div class=\"elementor-widget-container\">\n\t\t\t\t\t\t\t\t\t<div class=\"elementor-button-wrapper\">\n\t\t\t\t\t<a class=\"elementor-button elementor-button-link elementor-size-sm\" href=\"https:\/\/eureka.argosgalaica.com\/inscripciones\/342\">\n\t\t\t\t\t\t<span class=\"elementor-button-content-wrapper\">\n\t\t\t\t\t\t\t\t\t<span class=\"elementor-button-text\">Inscripci\u00f3n<\/span>\n\t\t\t\t\t<\/span>\n\t\t\t\t\t<\/a>\n\t\t\t\t<\/div>\n\t\t\t\t\t\t\t\t<\/div>\n\t\t\t\t<\/div>\n\t\t\t\t<\/div>\n\t\t<div class=\"elementor-element elementor-element-8bf87eb e-con-full e-flex e-con e-child\" data-id=\"8bf87eb\" data-element_type=\"container\" data-e-type=\"container\" data-settings=\"{&quot;background_background&quot;:&quot;classic&quot;,&quot;motion_fx_motion_fx_scrolling&quot;:&quot;yes&quot;,&quot;motion_fx_translateY_effect&quot;:&quot;yes&quot;,&quot;motion_fx_translateY_direction&quot;:&quot;negative&quot;,&quot;motion_fx_translateY_affectedRange&quot;:{&quot;unit&quot;:&quot;%&quot;,&quot;size&quot;:&quot;&quot;,&quot;sizes&quot;:{&quot;start&quot;:50,&quot;end&quot;:70}},&quot;motion_fx_translateY_speed&quot;:{&quot;unit&quot;:&quot;px&quot;,&quot;size&quot;:4,&quot;sizes&quot;:[]},&quot;motion_fx_devices&quot;:[&quot;desktop&quot;,&quot;tablet&quot;,&quot;mobile&quot;]}\">\n\t\t\t\t<div class=\"elementor-element elementor-element-e052e68 elementor-widget elementor-widget-text-editor\" data-id=\"e052e68\" data-element_type=\"widget\" data-e-type=\"widget\" data-widget_type=\"text-editor.default\">\n\t\t\t\t<div class=\"elementor-widget-container\">\n\t\t\t\t\t\t\t\t\t<h3 style=\"text-align: center;\"><span style=\"color: #ffffff;\"><strong>INSCRIPCIONES<\/strong><\/span><\/h3><h5 style=\"text-align: center;\"><span style=\"color: #ffffff;\">Curso PRESENCIAL<\/span><\/h5><h5 style=\"text-align: center;\"><span style=\"color: #ffffff;\">Auxilio Judicial<\/span><\/h5>\t\t\t\t\t\t\t\t<\/div>\n\t\t\t\t<\/div>\n\t\t\t\t<div class=\"elementor-element elementor-element-9e13a16 elementor-widget elementor-widget-button\" data-id=\"9e13a16\" data-element_type=\"widget\" data-e-type=\"widget\" data-widget_type=\"button.default\">\n\t\t\t\t<div class=\"elementor-widget-container\">\n\t\t\t\t\t\t\t\t\t<div class=\"elementor-button-wrapper\">\n\t\t\t\t\t<a class=\"elementor-button elementor-button-link elementor-size-sm\" href=\"https:\/\/eureka.argosgalaica.com\/inscripciones\/135\">\n\t\t\t\t\t\t<span class=\"elementor-button-content-wrapper\">\n\t\t\t\t\t\t\t\t\t<span class=\"elementor-button-text\">Inscripci\u00f3n<\/span>\n\t\t\t\t\t<\/span>\n\t\t\t\t\t<\/a>\n\t\t\t\t<\/div>\n\t\t\t\t\t\t\t\t<\/div>\n\t\t\t\t<\/div>\n\t\t\t\t<\/div>\n\t\t\t\t<\/div>\n\t\t\t\t<\/div>\n\t\t\t\t<\/div>\n\t\t","protected":false},"excerpt":{"rendered":"<p>Curso de Auxilio JudicialDos generaciones formando a opositores Curso de Auxilio Judicial Tenint en compte la previsi\u00f3 facilitada per l\u2019Ajuntament de Barcelona, hem iniciat ja el curs de preparaci\u00f3 per a la prova de temari, prevista per al mes de febrer de 2027. A Eureka t\u2019oferim una preparaci\u00f3 integral i orientada a l\u2019\u00e8xit durant tot [&hellip;]<\/p>\n","protected":false},"author":3,"featured_media":0,"parent":0,"menu_order":0,"comment_status":"closed","ping_status":"closed","template":"","meta":{"_acf_changed":false,"_angie_page":false,"_joinchat":[],"footnotes":""},"class_list":["post-4189","page","type-page","status-publish","hentry"],"acf":[],"yoast_head":"<!-- This site is optimized with the Yoast SEO plugin v27.5 - https:\/\/yoast.com\/product\/yoast-seo-wordpress\/ -->\n<title>Curso Auxilio Judicial - Centre Oposicions Eureka<\/title>\n<meta name=\"robots\" content=\"index, follow, max-snippet:-1, max-image-preview:large, max-video-preview:-1\" \/>\n<link rel=\"canonical\" href=\"https:\/\/oposeureka.com\/es\/curso-auxilio-judicial\/\" \/>\n<meta property=\"og:locale\" content=\"es_ES\" \/>\n<meta property=\"og:type\" content=\"article\" \/>\n<meta property=\"og:title\" content=\"Curso Auxilio Judicial - Centre Oposicions Eureka\" \/>\n<meta property=\"og:description\" content=\"Curso de Auxilio JudicialDos generaciones formando a opositores Curso de Auxilio Judicial Tenint en compte la previsi\u00f3 facilitada per l\u2019Ajuntament de Barcelona, hem iniciat ja el curs de preparaci\u00f3 per a la prova de temari, prevista per al mes de febrer de 2027. A Eureka t\u2019oferim una preparaci\u00f3 integral i orientada a l\u2019\u00e8xit durant tot [&hellip;]\" \/>\n<meta property=\"og:url\" content=\"https:\/\/oposeureka.com\/es\/curso-auxilio-judicial\/\" \/>\n<meta property=\"og:site_name\" content=\"Centre Oposicions Eureka\" \/>\n<meta property=\"article:modified_time\" content=\"2026-05-08T11:25:19+00:00\" \/>\n<meta property=\"og:image\" content=\"https:\/\/oposeureka.com\/wp-content\/uploads\/2025\/07\/gestio-processal.png\" \/>\n<meta name=\"twitter:card\" content=\"summary_large_image\" \/>\n<meta name=\"twitter:label1\" content=\"Tiempo de lectura\" \/>\n\t<meta name=\"twitter:data1\" content=\"3 minutos\" \/>\n<script type=\"application\/ld+json\" class=\"yoast-schema-graph\">{\"@context\":\"https:\\\/\\\/schema.org\",\"@graph\":[{\"@type\":\"WebPage\",\"@id\":\"https:\\\/\\\/oposeureka.com\\\/es\\\/curso-auxilio-judicial\\\/\",\"url\":\"https:\\\/\\\/oposeureka.com\\\/es\\\/curso-auxilio-judicial\\\/\",\"name\":\"Curso Auxilio Judicial - Centre Oposicions Eureka\",\"isPartOf\":{\"@id\":\"https:\\\/\\\/oposeureka.com\\\/#website\"},\"primaryImageOfPage\":{\"@id\":\"https:\\\/\\\/oposeureka.com\\\/es\\\/curso-auxilio-judicial\\\/#primaryimage\"},\"image\":{\"@id\":\"https:\\\/\\\/oposeureka.com\\\/es\\\/curso-auxilio-judicial\\\/#primaryimage\"},\"thumbnailUrl\":\"https:\\\/\\\/oposeureka.com\\\/wp-content\\\/uploads\\\/2025\\\/07\\\/gestio-processal.png\",\"datePublished\":\"2026-04-20T14:19:34+00:00\",\"dateModified\":\"2026-05-08T11:25:19+00:00\",\"breadcrumb\":{\"@id\":\"https:\\\/\\\/oposeureka.com\\\/es\\\/curso-auxilio-judicial\\\/#breadcrumb\"},\"inLanguage\":\"es\",\"potentialAction\":[{\"@type\":\"ReadAction\",\"target\":[\"https:\\\/\\\/oposeureka.com\\\/es\\\/curso-auxilio-judicial\\\/\"]}]},{\"@type\":\"ImageObject\",\"inLanguage\":\"es\",\"@id\":\"https:\\\/\\\/oposeureka.com\\\/es\\\/curso-auxilio-judicial\\\/#primaryimage\",\"url\":\"https:\\\/\\\/oposeureka.com\\\/wp-content\\\/uploads\\\/2025\\\/07\\\/gestio-processal.png\",\"contentUrl\":\"https:\\\/\\\/oposeureka.com\\\/wp-content\\\/uploads\\\/2025\\\/07\\\/gestio-processal.png\"},{\"@type\":\"BreadcrumbList\",\"@id\":\"https:\\\/\\\/oposeureka.com\\\/es\\\/curso-auxilio-judicial\\\/#breadcrumb\",\"itemListElement\":[{\"@type\":\"ListItem\",\"position\":1,\"name\":\"Portada\",\"item\":\"https:\\\/\\\/oposeureka.com\\\/es\\\/\"},{\"@type\":\"ListItem\",\"position\":2,\"name\":\"Curso Auxilio Judicial\"}]},{\"@type\":\"WebSite\",\"@id\":\"https:\\\/\\\/oposeureka.com\\\/#website\",\"url\":\"https:\\\/\\\/oposeureka.com\\\/\",\"name\":\"Centre Oposicions Eureka\",\"description\":\"\",\"publisher\":{\"@id\":\"https:\\\/\\\/oposeureka.com\\\/#organization\"},\"potentialAction\":[{\"@type\":\"SearchAction\",\"target\":{\"@type\":\"EntryPoint\",\"urlTemplate\":\"https:\\\/\\\/oposeureka.com\\\/?s={search_term_string}\"},\"query-input\":{\"@type\":\"PropertyValueSpecification\",\"valueRequired\":true,\"valueName\":\"search_term_string\"}}],\"inLanguage\":\"es\"},{\"@type\":\"Organization\",\"@id\":\"https:\\\/\\\/oposeureka.com\\\/#organization\",\"name\":\"Centre Oposicions Eureka\",\"url\":\"https:\\\/\\\/oposeureka.com\\\/\",\"logo\":{\"@type\":\"ImageObject\",\"inLanguage\":\"es\",\"@id\":\"https:\\\/\\\/oposeureka.com\\\/#\\\/schema\\\/logo\\\/image\\\/\",\"url\":\"https:\\\/\\\/oposeureka.com\\\/wp-content\\\/uploads\\\/2025\\\/05\\\/cropped-EUREKA-logo.png\",\"contentUrl\":\"https:\\\/\\\/oposeureka.com\\\/wp-content\\\/uploads\\\/2025\\\/05\\\/cropped-EUREKA-logo.png\",\"width\":378,\"height\":96,\"caption\":\"Centre Oposicions Eureka\"},\"image\":{\"@id\":\"https:\\\/\\\/oposeureka.com\\\/#\\\/schema\\\/logo\\\/image\\\/\"}}]}<\/script>\n<!-- \/ Yoast SEO plugin. -->","yoast_head_json":{"title":"Curso Auxilio Judicial - Centre Oposicions Eureka","robots":{"index":"index","follow":"follow","max-snippet":"max-snippet:-1","max-image-preview":"max-image-preview:large","max-video-preview":"max-video-preview:-1"},"canonical":"https:\/\/oposeureka.com\/es\/curso-auxilio-judicial\/","og_locale":"es_ES","og_type":"article","og_title":"Curso Auxilio Judicial - Centre Oposicions Eureka","og_description":"Curso de Auxilio JudicialDos generaciones formando a opositores Curso de Auxilio Judicial Tenint en compte la previsi\u00f3 facilitada per l\u2019Ajuntament de Barcelona, hem iniciat ja el curs de preparaci\u00f3 per a la prova de temari, prevista per al mes de febrer de 2027. A Eureka t\u2019oferim una preparaci\u00f3 integral i orientada a l\u2019\u00e8xit durant tot [&hellip;]","og_url":"https:\/\/oposeureka.com\/es\/curso-auxilio-judicial\/","og_site_name":"Centre Oposicions Eureka","article_modified_time":"2026-05-08T11:25:19+00:00","og_image":[{"url":"https:\/\/oposeureka.com\/wp-content\/uploads\/2025\/07\/gestio-processal.png","type":"","width":"","height":""}],"twitter_card":"summary_large_image","twitter_misc":{"Tiempo de lectura":"3 minutos"},"schema":{"@context":"https:\/\/schema.org","@graph":[{"@type":"WebPage","@id":"https:\/\/oposeureka.com\/es\/curso-auxilio-judicial\/","url":"https:\/\/oposeureka.com\/es\/curso-auxilio-judicial\/","name":"Curso Auxilio Judicial - Centre Oposicions Eureka","isPartOf":{"@id":"https:\/\/oposeureka.com\/#website"},"primaryImageOfPage":{"@id":"https:\/\/oposeureka.com\/es\/curso-auxilio-judicial\/#primaryimage"},"image":{"@id":"https:\/\/oposeureka.com\/es\/curso-auxilio-judicial\/#primaryimage"},"thumbnailUrl":"https:\/\/oposeureka.com\/wp-content\/uploads\/2025\/07\/gestio-processal.png","datePublished":"2026-04-20T14:19:34+00:00","dateModified":"2026-05-08T11:25:19+00:00","breadcrumb":{"@id":"https:\/\/oposeureka.com\/es\/curso-auxilio-judicial\/#breadcrumb"},"inLanguage":"es","potentialAction":[{"@type":"ReadAction","target":["https:\/\/oposeureka.com\/es\/curso-auxilio-judicial\/"]}]},{"@type":"ImageObject","inLanguage":"es","@id":"https:\/\/oposeureka.com\/es\/curso-auxilio-judicial\/#primaryimage","url":"https:\/\/oposeureka.com\/wp-content\/uploads\/2025\/07\/gestio-processal.png","contentUrl":"https:\/\/oposeureka.com\/wp-content\/uploads\/2025\/07\/gestio-processal.png"},{"@type":"BreadcrumbList","@id":"https:\/\/oposeureka.com\/es\/curso-auxilio-judicial\/#breadcrumb","itemListElement":[{"@type":"ListItem","position":1,"name":"Portada","item":"https:\/\/oposeureka.com\/es\/"},{"@type":"ListItem","position":2,"name":"Curso Auxilio Judicial"}]},{"@type":"WebSite","@id":"https:\/\/oposeureka.com\/#website","url":"https:\/\/oposeureka.com\/","name":"Centre Oposicions Eureka","description":"","publisher":{"@id":"https:\/\/oposeureka.com\/#organization"},"potentialAction":[{"@type":"SearchAction","target":{"@type":"EntryPoint","urlTemplate":"https:\/\/oposeureka.com\/?s={search_term_string}"},"query-input":{"@type":"PropertyValueSpecification","valueRequired":true,"valueName":"search_term_string"}}],"inLanguage":"es"},{"@type":"Organization","@id":"https:\/\/oposeureka.com\/#organization","name":"Centre Oposicions Eureka","url":"https:\/\/oposeureka.com\/","logo":{"@type":"ImageObject","inLanguage":"es","@id":"https:\/\/oposeureka.com\/#\/schema\/logo\/image\/","url":"https:\/\/oposeureka.com\/wp-content\/uploads\/2025\/05\/cropped-EUREKA-logo.png","contentUrl":"https:\/\/oposeureka.com\/wp-content\/uploads\/2025\/05\/cropped-EUREKA-logo.png","width":378,"height":96,"caption":"Centre Oposicions Eureka"},"image":{"@id":"https:\/\/oposeureka.com\/#\/schema\/logo\/image\/"}}]}},"_links":{"self":[{"href":"https:\/\/oposeureka.com\/es\/wp-json\/wp\/v2\/pages\/4189","targetHints":{"allow":["GET"]}}],"collection":[{"href":"https:\/\/oposeureka.com\/es\/wp-json\/wp\/v2\/pages"}],"about":[{"href":"https:\/\/oposeureka.com\/es\/wp-json\/wp\/v2\/types\/page"}],"author":[{"embeddable":true,"href":"https:\/\/oposeureka.com\/es\/wp-json\/wp\/v2\/users\/3"}],"replies":[{"embeddable":true,"href":"https:\/\/oposeureka.com\/es\/wp-json\/wp\/v2\/comments?post=4189"}],"version-history":[{"count":1,"href":"https:\/\/oposeureka.com\/es\/wp-json\/wp\/v2\/pages\/4189\/revisions"}],"predecessor-version":[{"id":4191,"href":"https:\/\/oposeureka.com\/es\/wp-json\/wp\/v2\/pages\/4189\/revisions\/4191"}],"wp:attachment":[{"href":"https:\/\/oposeureka.com\/es\/wp-json\/wp\/v2\/media?parent=4189"}],"curies":[{"name":"wp","href":"https:\/\/api.w.org\/{rel}","templated":true}]}}