{"id":3618,"date":"2026-04-15T12:01:50","date_gmt":"2026-04-15T10:01:50","guid":{"rendered":"https:\/\/dev.oposeureka.com\/?page_id=3618"},"modified":"2026-04-15T12:19:02","modified_gmt":"2026-04-15T10:19:02","slug":"pruebas-fisicas","status":"publish","type":"page","link":"https:\/\/oposeureka.com\/es\/pruebas-fisicas\/","title":{"rendered":"Pruebas f\u00edsicas Polic\u00eda Local y Mossos d&#8217;Esquadra"},"content":{"rendered":"\t\t<div data-elementor-type=\"wp-page\" data-elementor-id=\"3618\" class=\"elementor elementor-3618\" data-elementor-post-type=\"page\">\n\t\t\t\t<div class=\"elementor-element elementor-element-d50730c e-flex e-con-boxed e-con e-parent\" data-id=\"d50730c\" data-element_type=\"container\" data-e-type=\"container\" data-settings=\"{&quot;background_background&quot;:&quot;classic&quot;}\">\n\t\t\t\t\t<div class=\"e-con-inner\">\n\t\t\t\t<div class=\"elementor-element elementor-element-6161c055 elementor-widget elementor-widget-heading\" data-id=\"6161c055\" data-element_type=\"widget\" data-e-type=\"widget\" data-widget_type=\"heading.default\">\n\t\t\t\t<div class=\"elementor-widget-container\">\n\t\t\t\t\t<h1 class=\"elementor-heading-title elementor-size-default\">Proves f\u00edsiques<\/h1>\t\t\t\t<\/div>\n\t\t\t\t<\/div>\n\t\t\t\t<div class=\"elementor-element elementor-element-38bf867f elementor-widget elementor-widget-text-editor\" data-id=\"38bf867f\" data-element_type=\"widget\" data-e-type=\"widget\" data-widget_type=\"text-editor.default\">\n\t\t\t\t<div class=\"elementor-widget-container\">\n\t\t\t\t\t\t\t\t\t<h3><span style=\"color: #ffffff;\">Preparaci\u00f3 per les proves f\u00edsiques de Policia Local i Mossos d&#8217;Esquadra<\/span><\/h3>\t\t\t\t\t\t\t\t<\/div>\n\t\t\t\t<\/div>\n\t\t<div class=\"elementor-element elementor-element-2c1673ed e-con-full e-flex e-con e-child\" data-id=\"2c1673ed\" data-element_type=\"container\" data-e-type=\"container\">\n\t\t<div class=\"elementor-element elementor-element-b1867ef e-grid e-con-full e-con e-child\" data-id=\"b1867ef\" data-element_type=\"container\" data-e-type=\"container\" data-settings=\"{&quot;animation&quot;:&quot;none&quot;}\">\n\t\t\t\t<div class=\"elementor-element elementor-element-278d1da5 elementor-invisible elementor-widget elementor-widget-text-editor\" data-id=\"278d1da5\" data-element_type=\"widget\" data-e-type=\"widget\" data-settings=\"{&quot;_animation&quot;:&quot;fadeInUp&quot;}\" data-widget_type=\"text-editor.default\">\n\t\t\t\t<div class=\"elementor-widget-container\">\n\t\t\t\t\t\t\t\t\t<h5><span style=\"color: #ffffff;\">&#8211; Press banca<\/span><\/h5><h5><span style=\"color: #ffffff;\">&#8211; Circuit d&#8217;agilitat<\/span><\/h5><h5><span style=\"color: #ffffff;\">&#8211; Course Navette<\/span><\/h5>\t\t\t\t\t\t\t\t<\/div>\n\t\t\t\t<\/div>\n\t\t\t\t<div class=\"elementor-element elementor-element-17f9bfdb elementor-invisible elementor-widget elementor-widget-text-editor\" data-id=\"17f9bfdb\" data-element_type=\"widget\" data-e-type=\"widget\" data-settings=\"{&quot;_animation&quot;:&quot;fadeInUp&quot;,&quot;_animation_delay&quot;:400}\" data-widget_type=\"text-editor.default\">\n\t\t\t\t<div class=\"elementor-widget-container\">\n\t\t\t\t\t\t\t\t\t<h5><span style=\"color: #ffffff;\">&#8211; Grups redu\u00efts (m\u00e0xim 15 persones)<\/span><\/h5><h5><span style=\"color: #ffffff;\">&#8211; Horaris de matins, tardes i caps de setmana<\/span><\/h5><h5><span style=\"color: #ffffff;\">&#8211; Sessions d&#8217;1 hora i 30 minuts<\/span><\/h5>\t\t\t\t\t\t\t\t<\/div>\n\t\t\t\t<\/div>\n\t\t\t\t<div class=\"elementor-element elementor-element-4bbbc265 elementor-invisible elementor-widget elementor-widget-text-editor\" data-id=\"4bbbc265\" data-element_type=\"widget\" data-e-type=\"widget\" data-settings=\"{&quot;_animation&quot;:&quot;fadeInUp&quot;,&quot;_animation_delay&quot;:800}\" data-widget_type=\"text-editor.default\">\n\t\t\t\t<div class=\"elementor-widget-container\">\n\t\t\t\t\t\t\t\t\t<h5><span style=\"color: #ffffff;\">&#8211; Assessorament en nutrici\u00f3<\/span><\/h5><h5><span style=\"color: #ffffff;\">&#8211; Rutines d&#8217;entrenament<\/span><\/h5><h5><span style=\"color: #ffffff;\">&#8211; Tracte personalitzat a l&#8217;alumne<\/span><\/h5>\t\t\t\t\t\t\t\t<\/div>\n\t\t\t\t<\/div>\n\t\t\t\t<\/div>\n\t\t\t\t<\/div>\n\t\t<div class=\"elementor-element elementor-element-65e1b631 e-flex e-con-boxed e-con e-child\" data-id=\"65e1b631\" data-element_type=\"container\" data-e-type=\"container\">\n\t\t\t\t\t<div class=\"e-con-inner\">\n\t\t<div class=\"elementor-element elementor-element-24019bc0 e-grid e-con-full e-con e-child\" data-id=\"24019bc0\" data-element_type=\"container\" data-e-type=\"container\">\n\t\t\t\t<div class=\"elementor-element elementor-element-59e879a2 elementor-widget__width-initial elementor-widget elementor-widget-price-table\" data-id=\"59e879a2\" data-element_type=\"widget\" data-e-type=\"widget\" data-widget_type=\"price-table.default\">\n\t\t\t\t<div class=\"elementor-widget-container\">\n\t\t\t\t\t\n\t\t<div class=\"elementor-price-table\">\n\t\t\t\t\t\t\t<div class=\"elementor-price-table__header\">\n\t\t\t\t\t\t\t\t\t\t\t<h3 class=\"elementor-price-table__heading\">\n\t\t\t\t\t\t1 SESSI\u00d3 D'ENTRENAMENT\t\t\t\t\t\t<\/h3>\n\t\t\t\t\t\n\t\t\t\t\t\t\t\t\t<\/div>\n\t\t\t\n\t\t\t<div class=\"elementor-price-table__price\">\n\t\t\t\t\t\t\t\t<span class=\"elementor-price-table__currency\">&#128;<\/span>\t\t\t\t\t\t\t\t\t<span class=\"elementor-price-table__integer-part\">\n\t\t\t\t\t\t20\t\t\t\t\t<\/span>\n\t\t\t\t\n\t\t\t\t\n\t\t\t\t\n\t\t\t\t\t\t\t<\/div>\n\n\t\t\t\t\t\t\t<ul class=\"elementor-price-table__features-list\">\n\t\t\t\t\t\t\t\t\t\t\t<li class=\"elementor-repeater-item-3d49578\">\n\t\t\t\t\t\t\t<div class=\"elementor-price-table__feature-inner\">\n\t\t\t\t\t\t\t\t\t\t\t\t\t\t\t\t&nbsp;\t\t\t\t\t\t\t<\/div>\n\t\t\t\t\t\t<\/li>\n\t\t\t\t\t\t\t\t\t<\/ul>\n\t\t\t\n\t\t\t\t\t<\/div>\n\n\t\t\t\t\t\t<\/div>\n\t\t\t\t<\/div>\n\t\t\t\t<div class=\"elementor-element elementor-element-1d604f36 elementor-widget__width-initial elementor-widget elementor-widget-price-table\" data-id=\"1d604f36\" data-element_type=\"widget\" data-e-type=\"widget\" data-widget_type=\"price-table.default\">\n\t\t\t\t<div class=\"elementor-widget-container\">\n\t\t\t\t\t\n\t\t<div class=\"elementor-price-table\">\n\t\t\t\t\t\t\t<div class=\"elementor-price-table__header\">\n\t\t\t\t\t\t\t\t\t\t\t<h3 class=\"elementor-price-table__heading\">\n\t\t\t\t\t\tBONO 4 SESSIONS D'ENTRENAMENT\t\t\t\t\t\t<\/h3>\n\t\t\t\t\t\n\t\t\t\t\t\t\t\t\t<\/div>\n\t\t\t\n\t\t\t<div class=\"elementor-price-table__price\">\n\t\t\t\t\t\t\t\t<span class=\"elementor-price-table__currency\">&#128;<\/span>\t\t\t\t\t\t\t\t\t<span class=\"elementor-price-table__integer-part\">\n\t\t\t\t\t\t55\t\t\t\t\t<\/span>\n\t\t\t\t\n\t\t\t\t\n\t\t\t\t\n\t\t\t\t\t\t\t<\/div>\n\n\t\t\t\t\t\t\t<ul class=\"elementor-price-table__features-list\">\n\t\t\t\t\t\t\t\t\t\t\t<li class=\"elementor-repeater-item-18c5ea4\">\n\t\t\t\t\t\t\t<div class=\"elementor-price-table__feature-inner\">\n\t\t\t\t\t\t\t\t\t\t\t\t\t\t\t\t&nbsp;\t\t\t\t\t\t\t<\/div>\n\t\t\t\t\t\t<\/li>\n\t\t\t\t\t\t\t\t\t<\/ul>\n\t\t\t\n\t\t\t\t\t<\/div>\n\n\t\t\t\t\t\t<\/div>\n\t\t\t\t<\/div>\n\t\t\t\t<div class=\"elementor-element elementor-element-4e101a elementor-widget__width-initial elementor-widget elementor-widget-price-table\" data-id=\"4e101a\" data-element_type=\"widget\" data-e-type=\"widget\" data-widget_type=\"price-table.default\">\n\t\t\t\t<div class=\"elementor-widget-container\">\n\t\t\t\t\t\n\t\t<div class=\"elementor-price-table\">\n\t\t\t\t\t\t\t<div class=\"elementor-price-table__header\">\n\t\t\t\t\t\t\t\t\t\t\t<h3 class=\"elementor-price-table__heading\">\n\t\t\t\t\t\tBONO 8 SESSIONS D'ENTRENAMENT\t\t\t\t\t\t<\/h3>\n\t\t\t\t\t\n\t\t\t\t\t\t\t\t\t<\/div>\n\t\t\t\n\t\t\t<div class=\"elementor-price-table__price\">\n\t\t\t\t\t\t\t\t<span class=\"elementor-price-table__currency\">&#128;<\/span>\t\t\t\t\t\t\t\t\t<span class=\"elementor-price-table__integer-part\">\n\t\t\t\t\t\t95\t\t\t\t\t<\/span>\n\t\t\t\t\n\t\t\t\t\n\t\t\t\t\n\t\t\t\t\t\t\t<\/div>\n\n\t\t\t\t\t\t\t<ul class=\"elementor-price-table__features-list\">\n\t\t\t\t\t\t\t\t\t\t\t<li class=\"elementor-repeater-item-18c5ea4\">\n\t\t\t\t\t\t\t<div class=\"elementor-price-table__feature-inner\">\n\t\t\t\t\t\t\t\t\t\t\t\t\t\t\t\t&nbsp;\t\t\t\t\t\t\t<\/div>\n\t\t\t\t\t\t<\/li>\n\t\t\t\t\t\t\t\t\t<\/ul>\n\t\t\t\n\t\t\t\t\t<\/div>\n\n\t\t\t\t\t\t<\/div>\n\t\t\t\t<\/div>\n\t\t\t\t<div class=\"elementor-element elementor-element-26e33272 elementor-widget__width-initial elementor-widget elementor-widget-price-table\" data-id=\"26e33272\" data-element_type=\"widget\" data-e-type=\"widget\" data-widget_type=\"price-table.default\">\n\t\t\t\t<div class=\"elementor-widget-container\">\n\t\t\t\t\t\n\t\t<div class=\"elementor-price-table\">\n\t\t\t\t\t\t\t<div class=\"elementor-price-table__header\">\n\t\t\t\t\t\t\t\t\t\t\t<h3 class=\"elementor-price-table__heading\">\n\t\t\t\t\t\tBONO 12 SESSIONS D'ENTRENAMENT\t\t\t\t\t\t<\/h3>\n\t\t\t\t\t\n\t\t\t\t\t\t\t\t\t<\/div>\n\t\t\t\n\t\t\t<div class=\"elementor-price-table__price\">\n\t\t\t\t\t\t\t\t<span class=\"elementor-price-table__currency\">&#128;<\/span>\t\t\t\t\t\t\t\t\t<span class=\"elementor-price-table__integer-part\">\n\t\t\t\t\t\t110\t\t\t\t\t<\/span>\n\t\t\t\t\n\t\t\t\t\n\t\t\t\t\n\t\t\t\t\t\t\t<\/div>\n\n\t\t\t\t\t\t\t<ul class=\"elementor-price-table__features-list\">\n\t\t\t\t\t\t\t\t\t\t\t<li class=\"elementor-repeater-item-18c5ea4\">\n\t\t\t\t\t\t\t<div class=\"elementor-price-table__feature-inner\">\n\t\t\t\t\t\t\t\t\t\t\t\t\t\t\t\t&nbsp;\t\t\t\t\t\t\t<\/div>\n\t\t\t\t\t\t<\/li>\n\t\t\t\t\t\t\t\t\t<\/ul>\n\t\t\t\n\t\t\t\t\t<\/div>\n\n\t\t\t\t\t\t<\/div>\n\t\t\t\t<\/div>\n\t\t\t\t<\/div>\n\t\t\t\t\t<\/div>\n\t\t\t\t<\/div>\n\t\t\t\t<div class=\"elementor-element elementor-element-7b58df17 elementor-widget elementor-widget-text-editor\" data-id=\"7b58df17\" data-element_type=\"widget\" data-e-type=\"widget\" data-widget_type=\"text-editor.default\">\n\t\t\t\t<div class=\"elementor-widget-container\">\n\t\t\t\t\t\t\t\t\t<ul><li><span style=\"color: #ffffff;\">Els bonos tenen una caducitat d&#8217;un mes des del moment de la compra. <\/span><\/li><li><span style=\"color: #ffffff;\">Podreu cancel\u00b7lar les reserves que tingueu fetes fins a 24h abans de l&#8217;inici de cada sessi\u00f3. En cas contra<\/span><span style=\"color: #ffffff;\">ri, les sessions es perden.<\/span><\/li><li><span style=\"color: #ffffff;\">Podreu fer reserves fins a 4h abans de l&#8217;inici de cada sessi\u00f3.<\/span><\/li><li><span style=\"color: #ffffff;\"><strong>Demana&#8217;ns informaci\u00f3 sobre places disponibles i inscripcions a info@eureka.cat<\/strong><\/span><\/li><\/ul>\t\t\t\t\t\t\t\t<\/div>\n\t\t\t\t<\/div>\n\t\t\t\t\t<\/div>\n\t\t\t\t<\/div>\n\t\t\t\t<\/div>\n\t\t","protected":false},"excerpt":{"rendered":"<p>Proves f\u00edsiques Preparaci\u00f3 per les proves f\u00edsiques de Policia Local i Mossos d&#8217;Esquadra &#8211; Press banca &#8211; Circuit d&#8217;agilitat &#8211; Course Navette &#8211; Grups redu\u00efts (m\u00e0xim 15 persones) &#8211; Horaris de matins, tardes i caps de setmana &#8211; Sessions d&#8217;1 hora i 30 minuts &#8211; Assessorament en nutrici\u00f3 &#8211; Rutines d&#8217;entrenament &#8211; Tracte personalitzat a [&hellip;]<\/p>\n","protected":false},"author":3,"featured_media":0,"parent":0,"menu_order":0,"comment_status":"closed","ping_status":"closed","template":"","meta":{"_acf_changed":false,"_angie_page":false,"_joinchat":[],"footnotes":""},"class_list":["post-3618","page","type-page","status-publish","hentry"],"acf":[],"yoast_head":"<!-- This site is optimized with the Yoast SEO plugin v27.5 - https:\/\/yoast.com\/product\/yoast-seo-wordpress\/ -->\n<title>Pruebas f\u00edsicas Polic\u00eda Local y Mossos d&#039;Esquadra - Centre Oposicions Eureka<\/title>\n<meta name=\"robots\" content=\"index, follow, max-snippet:-1, max-image-preview:large, max-video-preview:-1\" \/>\n<link rel=\"canonical\" href=\"https:\/\/oposeureka.com\/es\/pruebas-fisicas\/\" \/>\n<meta property=\"og:locale\" content=\"es_ES\" \/>\n<meta property=\"og:type\" content=\"article\" \/>\n<meta property=\"og:title\" content=\"Pruebas f\u00edsicas Polic\u00eda Local y Mossos d&#039;Esquadra - Centre Oposicions Eureka\" \/>\n<meta property=\"og:description\" content=\"Proves f\u00edsiques Preparaci\u00f3 per les proves f\u00edsiques de Policia Local i Mossos d&#8217;Esquadra &#8211; Press banca &#8211; Circuit d&#8217;agilitat &#8211; Course Navette &#8211; Grups redu\u00efts (m\u00e0xim 15 persones) &#8211; Horaris de matins, tardes i caps de setmana &#8211; Sessions d&#8217;1 hora i 30 minuts &#8211; Assessorament en nutrici\u00f3 &#8211; Rutines d&#8217;entrenament &#8211; Tracte personalitzat a [&hellip;]\" \/>\n<meta property=\"og:url\" content=\"https:\/\/oposeureka.com\/es\/pruebas-fisicas\/\" \/>\n<meta property=\"og:site_name\" content=\"Centre Oposicions Eureka\" \/>\n<meta property=\"article:modified_time\" content=\"2026-04-15T10:19:02+00:00\" \/>\n<meta name=\"twitter:card\" content=\"summary_large_image\" \/>\n<meta name=\"twitter:label1\" content=\"Tiempo de lectura\" \/>\n\t<meta name=\"twitter:data1\" content=\"1 minuto\" \/>\n<script type=\"application\/ld+json\" class=\"yoast-schema-graph\">{\"@context\":\"https:\\\/\\\/schema.org\",\"@graph\":[{\"@type\":\"WebPage\",\"@id\":\"https:\\\/\\\/oposeureka.com\\\/es\\\/pruebas-fisicas\\\/\",\"url\":\"https:\\\/\\\/oposeureka.com\\\/es\\\/pruebas-fisicas\\\/\",\"name\":\"Pruebas f\u00edsicas Polic\u00eda Local y Mossos d'Esquadra - Centre Oposicions Eureka\",\"isPartOf\":{\"@id\":\"https:\\\/\\\/oposeureka.com\\\/#website\"},\"datePublished\":\"2026-04-15T10:01:50+00:00\",\"dateModified\":\"2026-04-15T10:19:02+00:00\",\"breadcrumb\":{\"@id\":\"https:\\\/\\\/oposeureka.com\\\/es\\\/pruebas-fisicas\\\/#breadcrumb\"},\"inLanguage\":\"es\",\"potentialAction\":[{\"@type\":\"ReadAction\",\"target\":[\"https:\\\/\\\/oposeureka.com\\\/es\\\/pruebas-fisicas\\\/\"]}]},{\"@type\":\"BreadcrumbList\",\"@id\":\"https:\\\/\\\/oposeureka.com\\\/es\\\/pruebas-fisicas\\\/#breadcrumb\",\"itemListElement\":[{\"@type\":\"ListItem\",\"position\":1,\"name\":\"Portada\",\"item\":\"https:\\\/\\\/oposeureka.com\\\/es\\\/\"},{\"@type\":\"ListItem\",\"position\":2,\"name\":\"Pruebas f\u00edsicas Polic\u00eda Local y Mossos d&#8217;Esquadra\"}]},{\"@type\":\"WebSite\",\"@id\":\"https:\\\/\\\/oposeureka.com\\\/#website\",\"url\":\"https:\\\/\\\/oposeureka.com\\\/\",\"name\":\"Centre Oposicions Eureka\",\"description\":\"\",\"publisher\":{\"@id\":\"https:\\\/\\\/oposeureka.com\\\/#organization\"},\"potentialAction\":[{\"@type\":\"SearchAction\",\"target\":{\"@type\":\"EntryPoint\",\"urlTemplate\":\"https:\\\/\\\/oposeureka.com\\\/?s={search_term_string}\"},\"query-input\":{\"@type\":\"PropertyValueSpecification\",\"valueRequired\":true,\"valueName\":\"search_term_string\"}}],\"inLanguage\":\"es\"},{\"@type\":\"Organization\",\"@id\":\"https:\\\/\\\/oposeureka.com\\\/#organization\",\"name\":\"Centre Oposicions Eureka\",\"url\":\"https:\\\/\\\/oposeureka.com\\\/\",\"logo\":{\"@type\":\"ImageObject\",\"inLanguage\":\"es\",\"@id\":\"https:\\\/\\\/oposeureka.com\\\/#\\\/schema\\\/logo\\\/image\\\/\",\"url\":\"https:\\\/\\\/oposeureka.com\\\/wp-content\\\/uploads\\\/2025\\\/05\\\/cropped-EUREKA-logo.png\",\"contentUrl\":\"https:\\\/\\\/oposeureka.com\\\/wp-content\\\/uploads\\\/2025\\\/05\\\/cropped-EUREKA-logo.png\",\"width\":378,\"height\":96,\"caption\":\"Centre Oposicions Eureka\"},\"image\":{\"@id\":\"https:\\\/\\\/oposeureka.com\\\/#\\\/schema\\\/logo\\\/image\\\/\"}}]}<\/script>\n<!-- \/ Yoast SEO plugin. -->","yoast_head_json":{"title":"Pruebas f\u00edsicas Polic\u00eda Local y Mossos d'Esquadra - Centre Oposicions Eureka","robots":{"index":"index","follow":"follow","max-snippet":"max-snippet:-1","max-image-preview":"max-image-preview:large","max-video-preview":"max-video-preview:-1"},"canonical":"https:\/\/oposeureka.com\/es\/pruebas-fisicas\/","og_locale":"es_ES","og_type":"article","og_title":"Pruebas f\u00edsicas Polic\u00eda Local y Mossos d'Esquadra - Centre Oposicions Eureka","og_description":"Proves f\u00edsiques Preparaci\u00f3 per les proves f\u00edsiques de Policia Local i Mossos d&#8217;Esquadra &#8211; Press banca &#8211; Circuit d&#8217;agilitat &#8211; Course Navette &#8211; Grups redu\u00efts (m\u00e0xim 15 persones) &#8211; Horaris de matins, tardes i caps de setmana &#8211; Sessions d&#8217;1 hora i 30 minuts &#8211; Assessorament en nutrici\u00f3 &#8211; Rutines d&#8217;entrenament &#8211; Tracte personalitzat a [&hellip;]","og_url":"https:\/\/oposeureka.com\/es\/pruebas-fisicas\/","og_site_name":"Centre Oposicions Eureka","article_modified_time":"2026-04-15T10:19:02+00:00","twitter_card":"summary_large_image","twitter_misc":{"Tiempo de lectura":"1 minuto"},"schema":{"@context":"https:\/\/schema.org","@graph":[{"@type":"WebPage","@id":"https:\/\/oposeureka.com\/es\/pruebas-fisicas\/","url":"https:\/\/oposeureka.com\/es\/pruebas-fisicas\/","name":"Pruebas f\u00edsicas Polic\u00eda Local y Mossos d'Esquadra - Centre Oposicions Eureka","isPartOf":{"@id":"https:\/\/oposeureka.com\/#website"},"datePublished":"2026-04-15T10:01:50+00:00","dateModified":"2026-04-15T10:19:02+00:00","breadcrumb":{"@id":"https:\/\/oposeureka.com\/es\/pruebas-fisicas\/#breadcrumb"},"inLanguage":"es","potentialAction":[{"@type":"ReadAction","target":["https:\/\/oposeureka.com\/es\/pruebas-fisicas\/"]}]},{"@type":"BreadcrumbList","@id":"https:\/\/oposeureka.com\/es\/pruebas-fisicas\/#breadcrumb","itemListElement":[{"@type":"ListItem","position":1,"name":"Portada","item":"https:\/\/oposeureka.com\/es\/"},{"@type":"ListItem","position":2,"name":"Pruebas f\u00edsicas Polic\u00eda Local y Mossos d&#8217;Esquadra"}]},{"@type":"WebSite","@id":"https:\/\/oposeureka.com\/#website","url":"https:\/\/oposeureka.com\/","name":"Centre Oposicions Eureka","description":"","publisher":{"@id":"https:\/\/oposeureka.com\/#organization"},"potentialAction":[{"@type":"SearchAction","target":{"@type":"EntryPoint","urlTemplate":"https:\/\/oposeureka.com\/?s={search_term_string}"},"query-input":{"@type":"PropertyValueSpecification","valueRequired":true,"valueName":"search_term_string"}}],"inLanguage":"es"},{"@type":"Organization","@id":"https:\/\/oposeureka.com\/#organization","name":"Centre Oposicions Eureka","url":"https:\/\/oposeureka.com\/","logo":{"@type":"ImageObject","inLanguage":"es","@id":"https:\/\/oposeureka.com\/#\/schema\/logo\/image\/","url":"https:\/\/oposeureka.com\/wp-content\/uploads\/2025\/05\/cropped-EUREKA-logo.png","contentUrl":"https:\/\/oposeureka.com\/wp-content\/uploads\/2025\/05\/cropped-EUREKA-logo.png","width":378,"height":96,"caption":"Centre Oposicions Eureka"},"image":{"@id":"https:\/\/oposeureka.com\/#\/schema\/logo\/image\/"}}]}},"_links":{"self":[{"href":"https:\/\/oposeureka.com\/es\/wp-json\/wp\/v2\/pages\/3618","targetHints":{"allow":["GET"]}}],"collection":[{"href":"https:\/\/oposeureka.com\/es\/wp-json\/wp\/v2\/pages"}],"about":[{"href":"https:\/\/oposeureka.com\/es\/wp-json\/wp\/v2\/types\/page"}],"author":[{"embeddable":true,"href":"https:\/\/oposeureka.com\/es\/wp-json\/wp\/v2\/users\/3"}],"replies":[{"embeddable":true,"href":"https:\/\/oposeureka.com\/es\/wp-json\/wp\/v2\/comments?post=3618"}],"version-history":[{"count":5,"href":"https:\/\/oposeureka.com\/es\/wp-json\/wp\/v2\/pages\/3618\/revisions"}],"predecessor-version":[{"id":3629,"href":"https:\/\/oposeureka.com\/es\/wp-json\/wp\/v2\/pages\/3618\/revisions\/3629"}],"wp:attachment":[{"href":"https:\/\/oposeureka.com\/es\/wp-json\/wp\/v2\/media?parent=3618"}],"curies":[{"name":"wp","href":"https:\/\/api.w.org\/{rel}","templated":true}]}}