{"id":2039,"date":"2025-06-03T12:38:38","date_gmt":"2025-06-03T10:38:38","guid":{"rendered":"https:\/\/dev.oposeureka.com\/politica-de-privacidad\/"},"modified":"2025-11-27T17:13:17","modified_gmt":"2025-11-27T16:13:17","slug":"politica-de-privacidad","status":"publish","type":"page","link":"https:\/\/oposeureka.com\/es\/politica-de-privacidad\/","title":{"rendered":"Pol\u00edtica de privacidad"},"content":{"rendered":"\t\t<div data-elementor-type=\"wp-page\" data-elementor-id=\"2039\" class=\"elementor elementor-2039 elementor-195\" data-elementor-post-type=\"page\">\n\t\t\t\t<div class=\"elementor-element elementor-element-c58d3ef e-flex e-con-boxed e-con e-parent\" data-id=\"c58d3ef\" data-element_type=\"container\" data-e-type=\"container\">\n\t\t\t\t\t<div class=\"e-con-inner\">\n\t\t\t\t<div class=\"elementor-element elementor-element-07bfecf elementor-widget elementor-widget-text-editor\" data-id=\"07bfecf\" data-element_type=\"widget\" data-e-type=\"widget\" data-widget_type=\"text-editor.default\">\n\t\t\t\t<div class=\"elementor-widget-container\">\n\t\t\t\t\t\t\t\t\t<h1>Pol\u00edtica de privacidad<\/h1><p>Somos una empresa en la que la transparencia en la informaci\u00f3n es fundamental para establecer una relaci\u00f3n de confianza con las personas que forman parte de nuestro proyecto, as\u00ed como con nuestros proveedores y clientes. La protecci\u00f3n de los datos personales de las personas que conf\u00edan en nosotros es de vital importancia, y por eso, mediante esta Pol\u00edtica de privacidad, queremos informarte de c\u00f3mo recogemos, tratamos y utilizamos estos datos. <\/p><p>Esta pol\u00edtica de privacidad establece las bases sobre las que la empresa trata los datos de car\u00e1cter personal que voluntariamente nos facilitan los usuarios a trav\u00e9s del sitio web.<\/p><p>Esta Pol\u00edtica ser\u00e1 aplicable siempre que se faciliten datos a la empresa, que actuar\u00e1 como Responsable del Tratamiento de los Datos, a trav\u00e9s de cualquiera de los formularios de contacto o suscripci\u00f3n donde se recojan datos personales (nombre, correo electr\u00f3nico, etc.).<\/p><p> <\/p><h2>A QU\u00c9 NOS COMPROMETEMOS<\/h2><ul><li>A respetar la privacidad de nuestros usuarios y tratar sus datos personales con su consentimiento.<\/li><li>A tratar \u00fanicamente los datos personales estrictamente necesarios para ofrecer el servicio solicitado, de forma segura y confidencial, adoptando las medidas necesarias para evitar el acceso no autorizado y el uso indebido.<\/li><li>A no utilizar los datos personales para fines para los que no se haya obtenido previamente el consentimiento.<\/li><li>A no ceder ni compartir sus datos personales con terceros.<\/li><li>A conservar los datos personales durante el tiempo estrictamente necesario para la finalidad concreta por la que han sido facilitados.<\/li><\/ul><p> <\/p><h2>QUIEN ES EL RESPONSABLE DE TUS DATOS PERSONALES<\/h2><table style=\"width: 100%; border-collapse: collapse; border: 1px solid #000;\"><tbody><tr><td style=\"border: 1px solid #000; padding: 8px;\"><strong>Nombre de la empresa<\/strong><\/td> <td style=\"border: 1px solid #000; padding: 8px;\">Centre Oposicions Eureka, SL<\/td><\/tr><tr><td style=\"border: 1px solid #000; padding: 8px;\"><strong>NIF<\/strong><\/td><td style=\"border: 1px solid #000; padding: 8px;\">B02713402<\/td><\/tr><tr><td style=\"border: 1px solid #000; padding: 8px;\"><strong>Direcci\u00f3n<\/strong><\/td> <td style=\"border: 1px solid #000; padding: 8px;\">C. Felip II 76-78 &#8211; LOCAL &#8211; Barcelona.<\/td><\/tr><\/tbody><\/table><h2> <\/h2><h2>QU\u00c9 ES UN DATO PERSONAL Y EL TRATAMIENTO DE DATOS PERSONALES<\/h2><p>Un dato personal es cualquier informaci\u00f3n sobre una persona f\u00edsica identificada o identificable. Se considera persona f\u00edsica identificable a cualquier persona cuya identidad pueda determinarse, directa o indirectamente, mediante un identificador como un nombre, un n\u00famero de identificaci\u00f3n, datos de localizaci\u00f3n, un identificador en l\u00ednea o uno o m\u00e1s elementos propios de la identidad f\u00edsica, fisiol\u00f3gica, gen\u00e9tica, ps\u00edquica, econ\u00f3mica, cultural o social de la persona. <\/p><p>El tratamiento de datos personales implica cualquier operaci\u00f3n o conjunto de operaciones realizadas sobre datos personales, ya sea por medios automatizados o no, tales como la recogida, registro, organizaci\u00f3n, estructuraci\u00f3n, conservaci\u00f3n, adaptaci\u00f3n o modificaci\u00f3n, extracci\u00f3n, consulta, utilizaci\u00f3n, comunicaci\u00f3n por transmisi\u00f3n, difusi\u00f3n o cualquier otra forma de habilitaci\u00f3n de acceso, interconexi\u00f3n, limitaci\u00f3n, supresi\u00f3n o destrucci\u00f3n.<\/p><p> <\/p><h2>QU\u00c9 TRATAMIENTOS HACEMOS DE TUS DATOS PERSONALES Y CON QU\u00c9 FINALIDADES<\/h2><p> <\/p><h3>Solicitud de informaci\u00f3n por parte del usuario<\/h3><p>Gestionar la solicitud de informaci\u00f3n enviada a trav\u00e9s del formulario de contacto y\/o de la direcci\u00f3n electr\u00f3nica, correo postal o tel\u00e9fono facilitados en el sitio web.<\/p><p> <\/p><h3>Suscripci\u00f3n a la newsletter<\/h3><p>Gestionar la suscripci\u00f3n al env\u00edo de newsletters informativas.<\/p><p> <\/p><h3>Trabajar con nosotros mediante el env\u00edo del curr\u00edculum<\/h3><p>Gestionar los CV recibidos a trav\u00e9s del formulario disponible en el sitio web.<\/p><p> <\/p><h2>QU\u00c9 DATOS PERSONALES RECOPILAMOS<\/h2><p>A trav\u00e9s de nuestro sitio web, podemos recoger datos personales para diferentes finalidades:<\/p><p> <\/p><h3>Solicitud de informaci\u00f3n<\/h3><p>Recopilaremos los datos personales que hayas facilitado al realizar la consulta.<\/p><p> <\/p><h3>Suscripci\u00f3n a la newsletter<\/h3><p>Recopilaremos tu direcci\u00f3n de correo electr\u00f3nico.<\/p><p> <\/p><h3>Trabajar con nosotros<\/h3><p>Recopilaremos la informaci\u00f3n contenida en el CV que nos hayas enviado.<\/p><p>Dependiendo de la finalidad para la que se faciliten los datos, se requerir\u00e1n \u00fanicamente aquellos que sean estrictamente necesarios.<\/p><p>Es importante que el usuario sea consciente de los datos que facilita y de la finalidad para la que lo hace, ya que en el momento de enviarlos acepta que los recopilemos, almacenemos y utilicemos para la finalidad indicada. En cualquier momento podr\u00e1s retirar el consentimiento prestado a trav\u00e9s de los canales habilitados. El consentimiento del interesado es la base legal y la legitimaci\u00f3n para el tratamiento de tus datos personales.  <\/p>\t\t\t\t\t\t\t\t<\/div>\n\t\t\t\t<\/div>\n\t\t\t\t\t<\/div>\n\t\t\t\t<\/div>\n\t\t\t\t<\/div>\n\t\t","protected":false},"excerpt":{"rendered":"<p>Pol\u00edtica de privacidad Somos una empresa en la que la transparencia en la informaci\u00f3n es fundamental para establecer una relaci\u00f3n de confianza con las personas que forman parte de nuestro proyecto, as\u00ed como con nuestros proveedores y clientes. La protecci\u00f3n de los datos personales de las personas que conf\u00edan en nosotros es de vital importancia, [&hellip;]<\/p>\n","protected":false},"author":1,"featured_media":0,"parent":0,"menu_order":0,"comment_status":"closed","ping_status":"closed","template":"","meta":{"_acf_changed":false,"_angie_page":false,"_joinchat":[],"footnotes":""},"class_list":["post-2039","page","type-page","status-publish","hentry"],"acf":[],"yoast_head":"<!-- This site is optimized with the Yoast SEO plugin v27.5 - https:\/\/yoast.com\/product\/yoast-seo-wordpress\/ -->\n<title>Pol\u00edtica de privacidad - Centre Oposicions Eureka<\/title>\n<meta name=\"robots\" content=\"index, follow, max-snippet:-1, max-image-preview:large, max-video-preview:-1\" \/>\n<link rel=\"canonical\" href=\"https:\/\/oposeureka.com\/es\/politica-de-privacidad\/\" \/>\n<meta property=\"og:locale\" content=\"es_ES\" \/>\n<meta property=\"og:type\" content=\"article\" \/>\n<meta property=\"og:title\" content=\"Pol\u00edtica de privacidad - Centre Oposicions Eureka\" \/>\n<meta property=\"og:description\" content=\"Pol\u00edtica de privacidad Somos una empresa en la que la transparencia en la informaci\u00f3n es fundamental para establecer una relaci\u00f3n de confianza con las personas que forman parte de nuestro proyecto, as\u00ed como con nuestros proveedores y clientes. La protecci\u00f3n de los datos personales de las personas que conf\u00edan en nosotros es de vital importancia, [&hellip;]\" \/>\n<meta property=\"og:url\" content=\"https:\/\/oposeureka.com\/es\/politica-de-privacidad\/\" \/>\n<meta property=\"og:site_name\" content=\"Centre Oposicions Eureka\" \/>\n<meta property=\"article:modified_time\" content=\"2025-11-27T16:13:17+00:00\" \/>\n<meta name=\"twitter:card\" content=\"summary_large_image\" \/>\n<meta name=\"twitter:label1\" content=\"Tiempo de lectura\" \/>\n\t<meta name=\"twitter:data1\" content=\"3 minutos\" \/>\n<script type=\"application\/ld+json\" class=\"yoast-schema-graph\">{\"@context\":\"https:\\\/\\\/schema.org\",\"@graph\":[{\"@type\":\"WebPage\",\"@id\":\"https:\\\/\\\/oposeureka.com\\\/es\\\/politica-de-privacidad\\\/\",\"url\":\"https:\\\/\\\/oposeureka.com\\\/es\\\/politica-de-privacidad\\\/\",\"name\":\"Pol\u00edtica de privacidad - Centre Oposicions Eureka\",\"isPartOf\":{\"@id\":\"https:\\\/\\\/oposeureka.com\\\/#website\"},\"datePublished\":\"2025-06-03T10:38:38+00:00\",\"dateModified\":\"2025-11-27T16:13:17+00:00\",\"breadcrumb\":{\"@id\":\"https:\\\/\\\/oposeureka.com\\\/es\\\/politica-de-privacidad\\\/#breadcrumb\"},\"inLanguage\":\"es\",\"potentialAction\":[{\"@type\":\"ReadAction\",\"target\":[\"https:\\\/\\\/oposeureka.com\\\/es\\\/politica-de-privacidad\\\/\"]}]},{\"@type\":\"BreadcrumbList\",\"@id\":\"https:\\\/\\\/oposeureka.com\\\/es\\\/politica-de-privacidad\\\/#breadcrumb\",\"itemListElement\":[{\"@type\":\"ListItem\",\"position\":1,\"name\":\"Portada\",\"item\":\"https:\\\/\\\/oposeureka.com\\\/es\\\/\"},{\"@type\":\"ListItem\",\"position\":2,\"name\":\"Pol\u00edtica de privacidad\"}]},{\"@type\":\"WebSite\",\"@id\":\"https:\\\/\\\/oposeureka.com\\\/#website\",\"url\":\"https:\\\/\\\/oposeureka.com\\\/\",\"name\":\"Centre Oposicions Eureka\",\"description\":\"\",\"publisher\":{\"@id\":\"https:\\\/\\\/oposeureka.com\\\/#organization\"},\"potentialAction\":[{\"@type\":\"SearchAction\",\"target\":{\"@type\":\"EntryPoint\",\"urlTemplate\":\"https:\\\/\\\/oposeureka.com\\\/?s={search_term_string}\"},\"query-input\":{\"@type\":\"PropertyValueSpecification\",\"valueRequired\":true,\"valueName\":\"search_term_string\"}}],\"inLanguage\":\"es\"},{\"@type\":\"Organization\",\"@id\":\"https:\\\/\\\/oposeureka.com\\\/#organization\",\"name\":\"Centre Oposicions Eureka\",\"url\":\"https:\\\/\\\/oposeureka.com\\\/\",\"logo\":{\"@type\":\"ImageObject\",\"inLanguage\":\"es\",\"@id\":\"https:\\\/\\\/oposeureka.com\\\/#\\\/schema\\\/logo\\\/image\\\/\",\"url\":\"https:\\\/\\\/oposeureka.com\\\/wp-content\\\/uploads\\\/2025\\\/05\\\/cropped-EUREKA-logo.png\",\"contentUrl\":\"https:\\\/\\\/oposeureka.com\\\/wp-content\\\/uploads\\\/2025\\\/05\\\/cropped-EUREKA-logo.png\",\"width\":378,\"height\":96,\"caption\":\"Centre Oposicions Eureka\"},\"image\":{\"@id\":\"https:\\\/\\\/oposeureka.com\\\/#\\\/schema\\\/logo\\\/image\\\/\"}}]}<\/script>\n<!-- \/ Yoast SEO plugin. -->","yoast_head_json":{"title":"Pol\u00edtica de privacidad - Centre Oposicions Eureka","robots":{"index":"index","follow":"follow","max-snippet":"max-snippet:-1","max-image-preview":"max-image-preview:large","max-video-preview":"max-video-preview:-1"},"canonical":"https:\/\/oposeureka.com\/es\/politica-de-privacidad\/","og_locale":"es_ES","og_type":"article","og_title":"Pol\u00edtica de privacidad - Centre Oposicions Eureka","og_description":"Pol\u00edtica de privacidad Somos una empresa en la que la transparencia en la informaci\u00f3n es fundamental para establecer una relaci\u00f3n de confianza con las personas que forman parte de nuestro proyecto, as\u00ed como con nuestros proveedores y clientes. La protecci\u00f3n de los datos personales de las personas que conf\u00edan en nosotros es de vital importancia, [&hellip;]","og_url":"https:\/\/oposeureka.com\/es\/politica-de-privacidad\/","og_site_name":"Centre Oposicions Eureka","article_modified_time":"2025-11-27T16:13:17+00:00","twitter_card":"summary_large_image","twitter_misc":{"Tiempo de lectura":"3 minutos"},"schema":{"@context":"https:\/\/schema.org","@graph":[{"@type":"WebPage","@id":"https:\/\/oposeureka.com\/es\/politica-de-privacidad\/","url":"https:\/\/oposeureka.com\/es\/politica-de-privacidad\/","name":"Pol\u00edtica de privacidad - Centre Oposicions Eureka","isPartOf":{"@id":"https:\/\/oposeureka.com\/#website"},"datePublished":"2025-06-03T10:38:38+00:00","dateModified":"2025-11-27T16:13:17+00:00","breadcrumb":{"@id":"https:\/\/oposeureka.com\/es\/politica-de-privacidad\/#breadcrumb"},"inLanguage":"es","potentialAction":[{"@type":"ReadAction","target":["https:\/\/oposeureka.com\/es\/politica-de-privacidad\/"]}]},{"@type":"BreadcrumbList","@id":"https:\/\/oposeureka.com\/es\/politica-de-privacidad\/#breadcrumb","itemListElement":[{"@type":"ListItem","position":1,"name":"Portada","item":"https:\/\/oposeureka.com\/es\/"},{"@type":"ListItem","position":2,"name":"Pol\u00edtica de privacidad"}]},{"@type":"WebSite","@id":"https:\/\/oposeureka.com\/#website","url":"https:\/\/oposeureka.com\/","name":"Centre Oposicions Eureka","description":"","publisher":{"@id":"https:\/\/oposeureka.com\/#organization"},"potentialAction":[{"@type":"SearchAction","target":{"@type":"EntryPoint","urlTemplate":"https:\/\/oposeureka.com\/?s={search_term_string}"},"query-input":{"@type":"PropertyValueSpecification","valueRequired":true,"valueName":"search_term_string"}}],"inLanguage":"es"},{"@type":"Organization","@id":"https:\/\/oposeureka.com\/#organization","name":"Centre Oposicions Eureka","url":"https:\/\/oposeureka.com\/","logo":{"@type":"ImageObject","inLanguage":"es","@id":"https:\/\/oposeureka.com\/#\/schema\/logo\/image\/","url":"https:\/\/oposeureka.com\/wp-content\/uploads\/2025\/05\/cropped-EUREKA-logo.png","contentUrl":"https:\/\/oposeureka.com\/wp-content\/uploads\/2025\/05\/cropped-EUREKA-logo.png","width":378,"height":96,"caption":"Centre Oposicions Eureka"},"image":{"@id":"https:\/\/oposeureka.com\/#\/schema\/logo\/image\/"}}]}},"_links":{"self":[{"href":"https:\/\/oposeureka.com\/es\/wp-json\/wp\/v2\/pages\/2039","targetHints":{"allow":["GET"]}}],"collection":[{"href":"https:\/\/oposeureka.com\/es\/wp-json\/wp\/v2\/pages"}],"about":[{"href":"https:\/\/oposeureka.com\/es\/wp-json\/wp\/v2\/types\/page"}],"author":[{"embeddable":true,"href":"https:\/\/oposeureka.com\/es\/wp-json\/wp\/v2\/users\/1"}],"replies":[{"embeddable":true,"href":"https:\/\/oposeureka.com\/es\/wp-json\/wp\/v2\/comments?post=2039"}],"version-history":[{"count":1,"href":"https:\/\/oposeureka.com\/es\/wp-json\/wp\/v2\/pages\/2039\/revisions"}],"predecessor-version":[{"id":2040,"href":"https:\/\/oposeureka.com\/es\/wp-json\/wp\/v2\/pages\/2039\/revisions\/2040"}],"wp:attachment":[{"href":"https:\/\/oposeureka.com\/es\/wp-json\/wp\/v2\/media?parent=2039"}],"curies":[{"name":"wp","href":"https:\/\/api.w.org\/{rel}","templated":true}]}}