{"id":2032,"date":"2025-05-22T10:06:30","date_gmt":"2025-05-22T08:06:30","guid":{"rendered":"https:\/\/dev.oposeureka.com\/convocatorias\/"},"modified":"2025-11-27T16:42:12","modified_gmt":"2025-11-27T15:42:12","slug":"convocatorias","status":"publish","type":"page","link":"https:\/\/oposeureka.com\/es\/convocatorias\/","title":{"rendered":"Convocatorias"},"content":{"rendered":"\t\t<div data-elementor-type=\"wp-page\" data-elementor-id=\"2032\" class=\"elementor elementor-2032 elementor-17\" data-elementor-post-type=\"page\">\n\t\t\t\t<div class=\"elementor-element elementor-element-e230374 e-con-full e-flex e-con e-parent\" data-id=\"e230374\" data-element_type=\"container\" data-e-type=\"container\" data-settings=\"{&quot;background_background&quot;:&quot;classic&quot;}\">\n\t\t<div class=\"elementor-element elementor-element-d5fa621 e-con-full e-flex e-con e-child\" data-id=\"d5fa621\" data-element_type=\"container\" data-e-type=\"container\">\n\t\t\t\t<div class=\"elementor-element elementor-element-8a950b7 elementor-widget elementor-widget-heading\" data-id=\"8a950b7\" data-element_type=\"widget\" data-e-type=\"widget\" data-widget_type=\"heading.default\">\n\t\t\t\t<div class=\"elementor-widget-container\">\n\t\t\t\t\t<h1 class=\"elementor-heading-title elementor-size-default\">Convocatorias<\/h1>\t\t\t\t<\/div>\n\t\t\t\t<\/div>\n\t\t\t\t<\/div>\n\t\t\t\t<\/div>\n\t\t<div class=\"elementor-element elementor-element-9818cbf e-con-full e-flex e-con e-parent\" data-id=\"9818cbf\" data-element_type=\"container\" data-e-type=\"container\">\n\t\t<div class=\"elementor-element elementor-element-bdb0e5e e-con-full e-flex e-con e-child\" data-id=\"bdb0e5e\" data-element_type=\"container\" data-e-type=\"container\">\n\t\t<div class=\"elementor-element elementor-element-84d55d9 e-con-full e-flex e-con e-child\" data-id=\"84d55d9\" data-element_type=\"container\" data-e-type=\"container\">\n\t\t\t\t<div class=\"elementor-element elementor-element-87b39d7 elementor-widget elementor-widget-shortcode\" data-id=\"87b39d7\" data-element_type=\"widget\" data-e-type=\"widget\" data-widget_type=\"shortcode.default\">\n\t\t\t\t<div class=\"elementor-widget-container\">\n\t\t\t\t\t\t\t<div class=\"elementor-shortcode\"><div id=\"filtros-tipo\"><button class=\"btn-filtro-tipo activo\" data-tipo=\"__all__\">Tots<\/button><button class=\"btn-filtro-tipo\" data-tipo=\"mossos\">Mossos d&#039;escuadra<\/button><button class=\"btn-filtro-tipo\" data-tipo=\"guardia\">Guardia Urbana<\/button><button class=\"btn-filtro-tipo\" data-tipo=\"administratiu\">Auxiliar administratiu<\/button><button class=\"btn-filtro-tipo\" data-tipo=\"auxili\">Auxili Judicial<\/button><button class=\"btn-filtro-tipo\" data-tipo=\"tramitacio\">Tramitaci\u00f3 processal i administrativa<\/button><button class=\"btn-filtro-tipo\" data-tipo=\"gestio\">Gesti\u00f3 processal i administrativa<\/button><\/div>    <script>\n\tdocument.addEventListener('DOMContentLoaded', function () {\n\t  const cont = document.getElementById('resultados-convocatorias');\n\t  \/\/ intentamos capturar el HTML inicial\n\t  let initialHTML = cont ? cont.innerHTML : '';\n\n\t  document.querySelectorAll('.btn-filtro-tipo').forEach(btn => {\n\t\tbtn.addEventListener('click', function () {\n\t\t  const tipo = this.dataset.tipo;\n\n\t\t  \/\/ estado visual\n\t\t  document.querySelectorAll('.btn-filtro-tipo').forEach(b => b.classList.remove('activo'));\n\t\t  this.classList.add('activo');\n\n\t\t  \/\/ Si es \"Todos\"\n\t\t  if (tipo === '__all__') {\n\t\t\t\/\/ si tenemos snapshot lo usamos\n\t\t\tif (cont && initialHTML && initialHTML.trim() !== '') {\n\t\t\t  cont.innerHTML = initialHTML;\n\t\t\t  return;\n\t\t\t}\n\t\t\t\/\/ fallback: pedir todo por AJAX\n\t\t\tconst dataAll = new FormData();\n\t\t\tdataAll.append('action', 'filtrar_convocatorias_por_tipo');\n\t\t\tdataAll.append('tipo', '__all__');\n\n\t\t\tfetch('https:\/\/oposeureka.com\/wp-admin\/admin-ajax.php', {\n\t\t\t  method: 'POST',\n\t\t\t  credentials: 'same-origin',\n\t\t\t  body: dataAll\n\t\t\t})\n\t\t\t.then(r => r.text())\n\t\t\t.then(html => { if (cont) cont.innerHTML = html; });\n\t\t\treturn;\n\t\t  }\n\n\t\t  \/\/ Filtro por tipo espec\u00edfico\n\t\t  const data = new FormData();\n\t\t  data.append('action', 'filtrar_convocatorias_por_tipo');\n\t\t  data.append('tipo', tipo);\n\n\t\t  \/\/ si nunca guardamos el snapshot (por lo que sea), gu\u00e1rdalo ahora antes de sustituir\n\t\t  if (cont && !initialHTML) initialHTML = cont.innerHTML;\n\n\t\t  fetch('https:\/\/oposeureka.com\/wp-admin\/admin-ajax.php', {\n\t\t\tmethod: 'POST',\n\t\t\tcredentials: 'same-origin',\n\t\t\tbody: data\n\t\t  })\n\t\t  .then(r => r.text())\n\t\t  .then(html => { if (cont) cont.innerHTML = html; });\n\t\t});\n\t  });\n\t});\n\t<\/script>\n    <\/div>\n\t\t\t\t\t\t<\/div>\n\t\t\t\t<\/div>\n\t\t\t\t<\/div>\n\t\t\t\t<div class=\"elementor-element elementor-element-1edd11a elementor-widget elementor-widget-shortcode\" data-id=\"1edd11a\" data-element_type=\"widget\" data-e-type=\"widget\" data-widget_type=\"shortcode.default\">\n\t\t\t\t<div class=\"elementor-widget-container\">\n\t\t\t\t\t\t\t<div class=\"elementor-shortcode\"><div id=\"resultados-convocatorias\"><div class=\"listado-convocatorias\"><div class=\"convocatoria\"><h3>Agents Rurals<\/h3><ul><li><strong>Places:<\/strong> 0<\/li><li><strong>Sistema:<\/strong> concurs<\/li><li><strong>Edat l\u00edmit:<\/strong> si<\/li><li><strong>Perm\u00eds A2:<\/strong> si<\/li><\/ul><div class=\"inferior\"><p class=\"estado\" style=\"color:orange\">En tr\u00e0mit<\/p><div><div class=\"fechas\"><p><\/p><span>a<\/span><p><\/p><\/div><\/div><\/div><\/div><div class=\"convocatoria\"><h3>Oposiciones de Justicia<\/h3><ul><li><strong>Places:<\/strong> 0<\/li><li><strong>Sistema:<\/strong> concurs<\/li><\/ul><div class=\"inferior\"><p class=\"estado\" style=\"color:orange\">En tr\u00e0mit<\/p><div><div class=\"fechas\"><p>08\/07\/2025<\/p><span>a<\/span><p>31\/07\/2025<\/p><\/div><a href=\"#\" target=\"\">Inscriu-te<\/a><\/div><\/div><\/div><div class=\"convocatoria\"><img decoding=\"async\" src=\"https:\/\/oposeureka.com\/wp-content\/uploads\/2025\/06\/logo-Guardia-urbana.webp\" alt=\"\"><h3>Oposici\u00f3 Guardia Urbana<\/h3><ul><li><strong>Places:<\/strong> 40<\/li><li><strong>Sistema:<\/strong> concurs<\/li><li><strong>Edat l\u00edmit:<\/strong> no<\/li><\/ul><div class=\"inferior\"><p class=\"estado\" style=\"color:green\">Obert<\/p><div><div class=\"fechas\"><p>16\/07\/2025<\/p><span>a<\/span><p>31\/07\/2025<\/p><\/div><a href=\"#\" target=\"\">Inscriu-te<\/a><\/div><\/div><\/div><div class=\"convocatoria\"><h3>Oposiciones Jur\u00eddicas<\/h3><ul><li><strong>Places:<\/strong> 100<\/li><li><strong>Sistema:<\/strong> oposicio<\/li><li><strong>Edat l\u00edmit:<\/strong> si<\/li><li><strong>Perm\u00eds A2:<\/strong> si<\/li><\/ul><div class=\"inferior\"><p class=\"estado\" style=\"color:orange\">En tr\u00e0mit<\/p><div><div class=\"fechas\"><p>23\/07\/2025<\/p><span>a<\/span><p>31\/07\/2025<\/p><\/div><a href=\"#\" target=\"\">Inscriu-te<\/a><\/div><\/div><\/div><div class=\"convocatoria\"><img decoding=\"async\" src=\"https:\/\/oposeureka.com\/wp-content\/uploads\/2025\/05\/me.png\" alt=\"\"><h3>Oposici\u00f3n Mossos<\/h3><ul><li><strong>Places:<\/strong> 50<\/li><li><strong>Sistema:<\/strong> oposicio<\/li><li><strong>Edat l\u00edmit:<\/strong> si<\/li><li><strong>Perm\u00eds A2:<\/strong> si<\/li><\/ul><div class=\"inferior\"><p><p>Prueba de informaci\u00f3n extra<\/p>\n<\/p><p class=\"estado\" style=\"color:orange\">En tr\u00e0mit<\/p><div><div class=\"fechas\"><p>10\/08\/2025<\/p><span>a<\/span><p>31\/08\/2025<\/p><\/div><a href=\"#\" target=\"\">Inscriu-te<\/a><\/div><\/div><\/div><\/div><\/div><\/div>\n\t\t\t\t\t\t<\/div>\n\t\t\t\t<\/div>\n\t\t\t\t<\/div>\n\t\t<div class=\"elementor-element elementor-element-c26041c e-con-full e-flex e-con e-child\" data-id=\"c26041c\" data-element_type=\"container\" data-e-type=\"container\" data-settings=\"{&quot;background_background&quot;:&quot;classic&quot;,&quot;sticky&quot;:&quot;top&quot;,&quot;sticky_offset&quot;:120,&quot;sticky_parent&quot;:&quot;yes&quot;,&quot;sticky_on&quot;:[&quot;desktop&quot;,&quot;tablet&quot;,&quot;mobile&quot;],&quot;sticky_effects_offset&quot;:0,&quot;sticky_anchor_link_offset&quot;:0}\">\n\t\t\t\t<div class=\"elementor-element elementor-element-44a88eb elementor-widget elementor-widget-heading\" data-id=\"44a88eb\" data-element_type=\"widget\" data-e-type=\"widget\" data-widget_type=\"heading.default\">\n\t\t\t\t<div class=\"elementor-widget-container\">\n\t\t\t\t\t<h2 class=\"elementor-heading-title elementor-size-default\">Novedades<\/h2>\t\t\t\t<\/div>\n\t\t\t\t<\/div>\n\t\t\t\t<div class=\"elementor-element elementor-element-416cb51 elementor-widget elementor-widget-text-editor\" data-id=\"416cb51\" data-element_type=\"widget\" data-e-type=\"widget\" data-widget_type=\"text-editor.default\">\n\t\t\t\t<div class=\"elementor-widget-container\">\n\t\t\t\t\t\t\t\t\t<p>Aqu\u00ed se pondr\u00e1n las \u00faltimas novedades de las convocatorias.<\/p>\t\t\t\t\t\t\t\t<\/div>\n\t\t\t\t<\/div>\n\t\t\t\t<div class=\"elementor-element elementor-element-465d404 elementor-widget elementor-widget-heading\" data-id=\"465d404\" data-element_type=\"widget\" data-e-type=\"widget\" data-widget_type=\"heading.default\">\n\t\t\t\t<div class=\"elementor-widget-container\">\n\t\t\t\t\t<p class=\"elementor-heading-title elementor-size-default\">Cursos disponibles<\/p>\t\t\t\t<\/div>\n\t\t\t\t<\/div>\n\t\t\t\t<div class=\"elementor-element elementor-element-6dab6c1 elementor-widget elementor-widget-button\" data-id=\"6dab6c1\" data-element_type=\"widget\" data-e-type=\"widget\" data-widget_type=\"button.default\">\n\t\t\t\t<div class=\"elementor-widget-container\">\n\t\t\t\t\t\t\t\t\t<div class=\"elementor-button-wrapper\">\n\t\t\t\t\t<a class=\"elementor-button elementor-button-link elementor-size-sm\" href=\"https:\/\/oposeureka.com\/#cursos\">\n\t\t\t\t\t\t<span class=\"elementor-button-content-wrapper\">\n\t\t\t\t\t\t\t\t\t<span class=\"elementor-button-text\">Cursos<\/span>\n\t\t\t\t\t<\/span>\n\t\t\t\t\t<\/a>\n\t\t\t\t<\/div>\n\t\t\t\t\t\t\t\t<\/div>\n\t\t\t\t<\/div>\n\t\t\t\t<\/div>\n\t\t\t\t<\/div>\n\t\t\t\t<\/div>\n\t\t","protected":false},"excerpt":{"rendered":"<p>Convocatorias Novedades Aqu\u00ed se pondr\u00e1n las \u00faltimas novedades de las convocatorias. Cursos disponibles Cursos<\/p>\n","protected":false},"author":1,"featured_media":0,"parent":0,"menu_order":0,"comment_status":"closed","ping_status":"closed","template":"","meta":{"_acf_changed":false,"_angie_page":false,"_joinchat":[],"footnotes":""},"class_list":["post-2032","page","type-page","status-publish","hentry"],"acf":[],"yoast_head":"<!-- This site is optimized with the Yoast SEO plugin v27.5 - https:\/\/yoast.com\/product\/yoast-seo-wordpress\/ -->\n<title>Convocatorias - Centre Oposicions Eureka<\/title>\n<meta name=\"robots\" content=\"index, follow, max-snippet:-1, max-image-preview:large, max-video-preview:-1\" \/>\n<link rel=\"canonical\" href=\"https:\/\/oposeureka.com\/es\/convocatorias\/\" \/>\n<meta property=\"og:locale\" content=\"es_ES\" \/>\n<meta property=\"og:type\" content=\"article\" \/>\n<meta property=\"og:title\" content=\"Convocatorias - Centre Oposicions Eureka\" \/>\n<meta property=\"og:description\" content=\"Convocatorias Novedades Aqu\u00ed se pondr\u00e1n las \u00faltimas novedades de las convocatorias. Cursos disponibles Cursos\" \/>\n<meta property=\"og:url\" content=\"https:\/\/oposeureka.com\/es\/convocatorias\/\" \/>\n<meta property=\"og:site_name\" content=\"Centre Oposicions Eureka\" \/>\n<meta property=\"article:modified_time\" content=\"2025-11-27T15:42:12+00:00\" \/>\n<meta name=\"twitter:card\" content=\"summary_large_image\" \/>\n<script type=\"application\/ld+json\" class=\"yoast-schema-graph\">{\"@context\":\"https:\\\/\\\/schema.org\",\"@graph\":[{\"@type\":\"WebPage\",\"@id\":\"https:\\\/\\\/oposeureka.com\\\/es\\\/convocatorias\\\/\",\"url\":\"https:\\\/\\\/oposeureka.com\\\/es\\\/convocatorias\\\/\",\"name\":\"Convocatorias - Centre Oposicions Eureka\",\"isPartOf\":{\"@id\":\"https:\\\/\\\/oposeureka.com\\\/#website\"},\"datePublished\":\"2025-05-22T08:06:30+00:00\",\"dateModified\":\"2025-11-27T15:42:12+00:00\",\"breadcrumb\":{\"@id\":\"https:\\\/\\\/oposeureka.com\\\/es\\\/convocatorias\\\/#breadcrumb\"},\"inLanguage\":\"es\",\"potentialAction\":[{\"@type\":\"ReadAction\",\"target\":[\"https:\\\/\\\/oposeureka.com\\\/es\\\/convocatorias\\\/\"]}]},{\"@type\":\"BreadcrumbList\",\"@id\":\"https:\\\/\\\/oposeureka.com\\\/es\\\/convocatorias\\\/#breadcrumb\",\"itemListElement\":[{\"@type\":\"ListItem\",\"position\":1,\"name\":\"Portada\",\"item\":\"https:\\\/\\\/oposeureka.com\\\/es\\\/\"},{\"@type\":\"ListItem\",\"position\":2,\"name\":\"Convocatorias\"}]},{\"@type\":\"WebSite\",\"@id\":\"https:\\\/\\\/oposeureka.com\\\/#website\",\"url\":\"https:\\\/\\\/oposeureka.com\\\/\",\"name\":\"Centre Oposicions Eureka\",\"description\":\"\",\"publisher\":{\"@id\":\"https:\\\/\\\/oposeureka.com\\\/#organization\"},\"potentialAction\":[{\"@type\":\"SearchAction\",\"target\":{\"@type\":\"EntryPoint\",\"urlTemplate\":\"https:\\\/\\\/oposeureka.com\\\/?s={search_term_string}\"},\"query-input\":{\"@type\":\"PropertyValueSpecification\",\"valueRequired\":true,\"valueName\":\"search_term_string\"}}],\"inLanguage\":\"es\"},{\"@type\":\"Organization\",\"@id\":\"https:\\\/\\\/oposeureka.com\\\/#organization\",\"name\":\"Centre Oposicions Eureka\",\"url\":\"https:\\\/\\\/oposeureka.com\\\/\",\"logo\":{\"@type\":\"ImageObject\",\"inLanguage\":\"es\",\"@id\":\"https:\\\/\\\/oposeureka.com\\\/#\\\/schema\\\/logo\\\/image\\\/\",\"url\":\"https:\\\/\\\/oposeureka.com\\\/wp-content\\\/uploads\\\/2025\\\/05\\\/cropped-EUREKA-logo.png\",\"contentUrl\":\"https:\\\/\\\/oposeureka.com\\\/wp-content\\\/uploads\\\/2025\\\/05\\\/cropped-EUREKA-logo.png\",\"width\":378,\"height\":96,\"caption\":\"Centre Oposicions Eureka\"},\"image\":{\"@id\":\"https:\\\/\\\/oposeureka.com\\\/#\\\/schema\\\/logo\\\/image\\\/\"}}]}<\/script>\n<!-- \/ Yoast SEO plugin. -->","yoast_head_json":{"title":"Convocatorias - Centre Oposicions Eureka","robots":{"index":"index","follow":"follow","max-snippet":"max-snippet:-1","max-image-preview":"max-image-preview:large","max-video-preview":"max-video-preview:-1"},"canonical":"https:\/\/oposeureka.com\/es\/convocatorias\/","og_locale":"es_ES","og_type":"article","og_title":"Convocatorias - Centre Oposicions Eureka","og_description":"Convocatorias Novedades Aqu\u00ed se pondr\u00e1n las \u00faltimas novedades de las convocatorias. Cursos disponibles Cursos","og_url":"https:\/\/oposeureka.com\/es\/convocatorias\/","og_site_name":"Centre Oposicions Eureka","article_modified_time":"2025-11-27T15:42:12+00:00","twitter_card":"summary_large_image","schema":{"@context":"https:\/\/schema.org","@graph":[{"@type":"WebPage","@id":"https:\/\/oposeureka.com\/es\/convocatorias\/","url":"https:\/\/oposeureka.com\/es\/convocatorias\/","name":"Convocatorias - Centre Oposicions Eureka","isPartOf":{"@id":"https:\/\/oposeureka.com\/#website"},"datePublished":"2025-05-22T08:06:30+00:00","dateModified":"2025-11-27T15:42:12+00:00","breadcrumb":{"@id":"https:\/\/oposeureka.com\/es\/convocatorias\/#breadcrumb"},"inLanguage":"es","potentialAction":[{"@type":"ReadAction","target":["https:\/\/oposeureka.com\/es\/convocatorias\/"]}]},{"@type":"BreadcrumbList","@id":"https:\/\/oposeureka.com\/es\/convocatorias\/#breadcrumb","itemListElement":[{"@type":"ListItem","position":1,"name":"Portada","item":"https:\/\/oposeureka.com\/es\/"},{"@type":"ListItem","position":2,"name":"Convocatorias"}]},{"@type":"WebSite","@id":"https:\/\/oposeureka.com\/#website","url":"https:\/\/oposeureka.com\/","name":"Centre Oposicions Eureka","description":"","publisher":{"@id":"https:\/\/oposeureka.com\/#organization"},"potentialAction":[{"@type":"SearchAction","target":{"@type":"EntryPoint","urlTemplate":"https:\/\/oposeureka.com\/?s={search_term_string}"},"query-input":{"@type":"PropertyValueSpecification","valueRequired":true,"valueName":"search_term_string"}}],"inLanguage":"es"},{"@type":"Organization","@id":"https:\/\/oposeureka.com\/#organization","name":"Centre Oposicions Eureka","url":"https:\/\/oposeureka.com\/","logo":{"@type":"ImageObject","inLanguage":"es","@id":"https:\/\/oposeureka.com\/#\/schema\/logo\/image\/","url":"https:\/\/oposeureka.com\/wp-content\/uploads\/2025\/05\/cropped-EUREKA-logo.png","contentUrl":"https:\/\/oposeureka.com\/wp-content\/uploads\/2025\/05\/cropped-EUREKA-logo.png","width":378,"height":96,"caption":"Centre Oposicions Eureka"},"image":{"@id":"https:\/\/oposeureka.com\/#\/schema\/logo\/image\/"}}]}},"_links":{"self":[{"href":"https:\/\/oposeureka.com\/es\/wp-json\/wp\/v2\/pages\/2032","targetHints":{"allow":["GET"]}}],"collection":[{"href":"https:\/\/oposeureka.com\/es\/wp-json\/wp\/v2\/pages"}],"about":[{"href":"https:\/\/oposeureka.com\/es\/wp-json\/wp\/v2\/types\/page"}],"author":[{"embeddable":true,"href":"https:\/\/oposeureka.com\/es\/wp-json\/wp\/v2\/users\/1"}],"replies":[{"embeddable":true,"href":"https:\/\/oposeureka.com\/es\/wp-json\/wp\/v2\/comments?post=2032"}],"version-history":[{"count":1,"href":"https:\/\/oposeureka.com\/es\/wp-json\/wp\/v2\/pages\/2032\/revisions"}],"predecessor-version":[{"id":2033,"href":"https:\/\/oposeureka.com\/es\/wp-json\/wp\/v2\/pages\/2032\/revisions\/2033"}],"wp:attachment":[{"href":"https:\/\/oposeureka.com\/es\/wp-json\/wp\/v2\/media?parent=2032"}],"curies":[{"name":"wp","href":"https:\/\/api.w.org\/{rel}","templated":true}]}}