{"id":2007,"date":"2025-06-03T09:06:53","date_gmt":"2025-06-03T07:06:53","guid":{"rendered":"https:\/\/dev.oposeureka.com\/aviso-legal\/"},"modified":"2025-11-27T16:32:32","modified_gmt":"2025-11-27T15:32:32","slug":"aviso-legal","status":"publish","type":"page","link":"https:\/\/oposeureka.com\/es\/aviso-legal\/","title":{"rendered":"Aviso legal"},"content":{"rendered":"\t\t<div data-elementor-type=\"wp-page\" data-elementor-id=\"2007\" class=\"elementor elementor-2007 elementor-184\" data-elementor-post-type=\"page\">\n\t\t\t\t<div class=\"elementor-element elementor-element-0f51fa8 e-flex e-con-boxed e-con e-parent\" data-id=\"0f51fa8\" data-element_type=\"container\" data-e-type=\"container\">\n\t\t\t\t\t<div class=\"e-con-inner\">\n\t\t\t\t<div class=\"elementor-element elementor-element-e3bd835 elementor-widget elementor-widget-text-editor\" data-id=\"e3bd835\" data-element_type=\"widget\" data-e-type=\"widget\" data-widget_type=\"text-editor.default\">\n\t\t\t\t<div class=\"elementor-widget-container\">\n\t\t\t\t\t\t\t\t\t<h1>AVISO LEGAL<\/h1><p>En cumplimiento de la Ley 34\/2002, de 11 de julio, de servicios de la sociedad de la informaci\u00f3n y de comercio electr\u00f3nico (LSSI-CE), la empresa informa que es titular del sitio web. De acuerdo con lo exigido en el art\u00edculo 10 de citada Ley, informa de los siguientes datos: <\/p><table style=\"width: 100%; border-collapse: collapse; border: 1px solid #000;\"><tbody><tr><td style=\"border: 1px solid #000; padding: 8px;\"><strong>Nombre de la empresa<\/strong><\/td><td style=\"border: 1px solid #000; padding: 8px;\">Centre Oposicions Eureka, SL<\/td><\/tr><tr><td style=\"border: 1px solid #000; padding: 8px;\"><strong>NIF<\/strong><\/td><td style=\"border: 1px solid #000; padding: 8px;\">B02713402<\/td><\/tr><tr><td style=\"border: 1px solid #000; padding: 8px;\"><strong>Direcci\u00f3n<\/strong><\/td><td style=\"border: 1px solid #000; padding: 8px;\">C. <strong>Felip II 76-78 \u2013 LOCAL \u2013 Barcelona.<\/strong><\/td><\/tr><tr><td style=\"border: 1px solid #000; padding: 8px;\"><strong>Inscripci\u00f3n al registro mercantil<\/strong><\/td><td style=\"border: 1px solid #000; padding: 8px;\">N\u00famero de inscripci\u00f3n<\/td><\/tr><\/tbody><\/table><h2> <\/h2><h2>USUARIOS<\/h2><p>El acceso y\/o uso de este portal atribuye la condici\u00f3n de USUARIO, que acepta, desde dicho acceso y\/o uso, las Condiciones Generales de Uso aqu\u00ed reflejadas. Las Condiciones citadas ser\u00e1n de aplicaci\u00f3n independientemente de las Condiciones Generales de Contrataci\u00f3n que, en su caso, resulten de obligado cumplimiento. <\/p><p> <\/p><h2>USO DEL PORTAL<\/h2><p>La p\u00e1gina web proporciona el acceso a multitud de informaciones, servicios, programas o datos (en adelante, \u201clos contenidos\u201d) en Internet pertenecientes a Centre Oposicions Eureka, SL o a sus licenciantes, a los cuales el USUARIO pueda tener acceso. El USUARIO asume la responsabilidad del uso del portal. Esta responsabilidad se extiende al registro que fuera necesario para acceder a determinados servicios o contenidos.  <\/p><p>En este registro, el USUARIO ser\u00e1 responsable de aportar informaci\u00f3n veraz y l\u00edcita. Como consecuencia de este registro, al USUARIO se le puede proporcionar una contrase\u00f1a de la cual ser\u00e1 responsable, comprometi\u00e9ndose a hacer un uso diligente y confidencial de la misma. El USUARIO se compromete a hacer un uso adecuado de los contenidos y servicios que Centre Oposicions Eureka, SL ofrece a trav\u00e9s de su portal y, con car\u00e1cter enunciativo pero no limitativo, a no emplearlos para:  <\/p><ul><li>Incurrir en actividades il\u00edcitas, ilegales o contrarias a la buena fe y al orden p\u00fablico.<\/li><li>Difundir contenidos o propaganda de car\u00e1cter racista, xen\u00f3fobo, pornogr\u00e1fico-ilegal, de apolog\u00eda del terrorismo o atentatorio contra los derechos humanos.<\/li><li>Provocar da\u00f1os en los sistemas f\u00edsicos y l\u00f3gicos de Centre Oposicions Eureka, SL, de sus proveedores o de terceras personas; introducir o difundir en la red virus inform\u00e1ticos o cualquier otro sistema f\u00edsico o l\u00f3gico que sea susceptible de provocar los da\u00f1os anteriormente mencionados.<\/li><li>Intentar acceder y, en su caso, utilizar las cuentas de correo electr\u00f3nico de otros usuarios y modificar o manipular sus mensajes.<\/li><\/ul><p>Centre Oposicions Eureka, SL se reserva el derecho de retirar todos aquellos comentarios y aportaciones que vulneren el respeto a la dignidad de la persona, que sean discriminatorios, xen\u00f3fobos, racistas, pornogr\u00e1ficos, que atenten contra la juventud o la infancia, el orden o la seguridad p\u00fablica o que, a su juicio, no resulten adecuados para su publicaci\u00f3n. En cualquier caso, Centre Oposicions Eureka, SL no ser\u00e1 responsable de las opiniones vertidas por los usuarios a trav\u00e9s de los foros, chats u otras herramientas de participaci\u00f3n. <\/p><p> <\/p><h2>PROPIEDAD INTELECTUAL E INDUSTRIAL<\/h2><p>Centre Oposicions Eureka, SL ser\u00e1 titular de todos los derechos de propiedad intelectual e industrial de su p\u00e1gina web, as\u00ed como de los elementos contenidos en la misma (a t\u00edtulo enunciativo, im\u00e1genes, sonido, audio, v\u00eddeo, software o textos; marcas o logotipos, combinaciones de colores, estructura y dise\u00f1o, selecci\u00f3n de materiales utilizados, programas de ordenador necesarios para su funcionamiento, acceso y uso, etc.).<\/p><p>Todos los derechos reservados. En virtud de lo dispuesto en los art\u00edculos 8 y 32.1, p\u00e1rrafo segundo, de la Ley de Propiedad Intelectual, quedan expresamente prohibidas la reproducci\u00f3n, la distribuci\u00f3n y la comunicaci\u00f3n p\u00fablica, incluida su modalidad de puesta a disposici\u00f3n, de la totalidad o parte de los contenidos de esta p\u00e1gina web, con fines comerciales, en cualquier soporte y por cualquier medio t\u00e9cnico, sin la autorizaci\u00f3n de Centre Oposicions Eureka, SL. El USUARIO se compromete a respetar los derechos de Propiedad Intelectual e Industrial titularidad de Centre Oposicions Eureka, SL. Podr\u00e1 visualizar los elementos del portal e incluso imprimirlos, copiarlos y almacenarlos en el disco duro de su ordenador o en cualquier otro soporte f\u00edsico siempre que sea, \u00fanica y exclusivamente, para su uso personal y privado. El USUARIO deber\u00e1 abstenerse de suprimir, alterar, eludir o manipular cualquier dispositivo de protecci\u00f3n o sistema de seguridad que est\u00e9 instalado en las p\u00e1ginas de Centre Oposicions Eureka, SL.    <\/p><p> <\/p><h2>EXCLUSI\u00d3N DE GARANT\u00cdAS Y RESPONSABILIDAD<\/h2><p>Centre Oposicions Eureka, SL no se hace responsable, en ning\u00fan caso, de los da\u00f1os y perjuicios de cualquier naturaleza que pudieran ocasionar, a t\u00edtulo enunciativo: errores u omisiones en los contenidos, falta de disponibilidad del portal o la transmisi\u00f3n de virus o programas maliciosos o da\u00f1inos en los contenidos, a pesar de haber adoptado todas las medidas tecnol\u00f3gicas necesarias para evitarlo.<\/p><p> <\/p><h2>MODIFICACIONES<\/h2><p>Centre Oposicions Eureka, SL es reserva el dret d&#8217;efectuar sense previ av\u00eds les modificacions que consideri oportunes en el seu portal, podent canviar, suprimir o afegir tant els continguts i serveis que es prestin a trav\u00e9s de la mateixa com la forma en qu\u00e8 aquests apareguin presentats o localitzats en el seu portal.<\/p><p> <\/p><h2>ENLACES<\/h2><p>En el cas que en la p\u00e0gina web es disposessin enlla\u00e7os o hipervincles cap a altres llocs d&#8217;Internet, Centre Oposicions Eureka, SL no exercir\u00e0 cap tipus de control sobre aquests llocs i continguts. En cap cas Centre Oposicions Eureka, SL assumir\u00e0 responsabilitat alguna pels continguts d&#8217;algun enlla\u00e7 pertanyent a un lloc web ali\u00e8, ni garantir\u00e0 la disponibilitat t\u00e8cnica, qualitat, fiabilitat, exactitud, amplitud, veracitat, validesa i constitucionalitat de qualsevol material o informaci\u00f3 continguda en cap d&#8217;aquests hipervincles o altres llocs d&#8217;Internet. <\/p><p>Igualmente, la inclusi\u00f3n de estos enlaces externos no implicar\u00e1 ning\u00fan tipo de asociaci\u00f3n, fusi\u00f3n o participaci\u00f3n con las entidades conectadas.<\/p><p> <\/p><h2>DERECHO DE EXCLUSI\u00d3N<\/h2><p>Centre Oposicions Eureka, SL se reserva el derecho a denegar o retirar el acceso al portal y\/o a los servicios ofrecidos sin necesidad de previo aviso, por iniciativa propia o a petici\u00f3n de un tercero, a aquellos usuarios que incumplan las presentes Condiciones Generales de Uso.<\/p><p> <\/p><h2>GENERALIDADES<\/h2><p>Centre Oposicions Eureka, SL perseguir\u00e1 el incumplimiento de las presentes condiciones, as\u00ed como cualquier utilizaci\u00f3n indebida de su portal, ejerciendo todas las acciones civiles y penales que le puedan corresponder en derecho.<\/p><p> <\/p><h2>MODIFICACI\u00d3N DE LAS PRESENTES CONDICIONES Y DURACI\u00d3N<\/h2><p>Centre Oposicions Eureka, SL podr\u00e1 modificar en cualquier momento las condiciones aqu\u00ed determinadas, siendo debidamente publicadas tal como aparecen aqu\u00ed.<\/p><p>La vigencia de dichas condiciones depender\u00e1 de su publicaci\u00f3n y estar\u00e1n vigentes hasta que sean modificadas por otras debidamente publicadas.<\/p><p> <\/p><h2>LEGISLACI\u00d3N APLICABLE Y JURISDICCI\u00d3N<\/h2><p>La relaci\u00f3n entre Centre Oposicions Eureka, SL y el USUARIO se regir\u00e1 por la normativa espa\u00f1ola vigente y cualquier controversia se someter\u00e1 a los Juzgados y Tribunales de la ciudad anteriormente indicada.<\/p>\t\t\t\t\t\t\t\t<\/div>\n\t\t\t\t<\/div>\n\t\t\t\t\t<\/div>\n\t\t\t\t<\/div>\n\t\t\t\t<\/div>\n\t\t","protected":false},"excerpt":{"rendered":"<p>AVISO LEGAL En cumplimiento de la Ley 34\/2002, de 11 de julio, de servicios de la sociedad de la informaci\u00f3n y de comercio electr\u00f3nico (LSSI-CE), la empresa informa que es titular del sitio web. De acuerdo con lo exigido en el art\u00edculo 10 de citada Ley, informa de los siguientes datos: Nombre de la empresa [&hellip;]<\/p>\n","protected":false},"author":1,"featured_media":0,"parent":0,"menu_order":0,"comment_status":"closed","ping_status":"closed","template":"","meta":{"_acf_changed":false,"_angie_page":false,"_joinchat":[],"footnotes":""},"class_list":["post-2007","page","type-page","status-publish","hentry"],"acf":[],"yoast_head":"<!-- This site is optimized with the Yoast SEO plugin v27.5 - https:\/\/yoast.com\/product\/yoast-seo-wordpress\/ -->\n<title>Aviso legal - Centre Oposicions Eureka<\/title>\n<meta name=\"robots\" content=\"index, follow, max-snippet:-1, max-image-preview:large, max-video-preview:-1\" \/>\n<link rel=\"canonical\" href=\"https:\/\/oposeureka.com\/es\/aviso-legal\/\" \/>\n<meta property=\"og:locale\" content=\"es_ES\" \/>\n<meta property=\"og:type\" content=\"article\" \/>\n<meta property=\"og:title\" content=\"Aviso legal - Centre Oposicions Eureka\" \/>\n<meta property=\"og:description\" content=\"AVISO LEGAL En cumplimiento de la Ley 34\/2002, de 11 de julio, de servicios de la sociedad de la informaci\u00f3n y de comercio electr\u00f3nico (LSSI-CE), la empresa informa que es titular del sitio web. De acuerdo con lo exigido en el art\u00edculo 10 de citada Ley, informa de los siguientes datos: Nombre de la empresa [&hellip;]\" \/>\n<meta property=\"og:url\" content=\"https:\/\/oposeureka.com\/es\/aviso-legal\/\" \/>\n<meta property=\"og:site_name\" content=\"Centre Oposicions Eureka\" \/>\n<meta property=\"article:modified_time\" content=\"2025-11-27T15:32:32+00:00\" \/>\n<meta name=\"twitter:card\" content=\"summary_large_image\" \/>\n<meta name=\"twitter:label1\" content=\"Tiempo de lectura\" \/>\n\t<meta name=\"twitter:data1\" content=\"6 minutos\" \/>\n<script type=\"application\/ld+json\" class=\"yoast-schema-graph\">{\"@context\":\"https:\\\/\\\/schema.org\",\"@graph\":[{\"@type\":\"WebPage\",\"@id\":\"https:\\\/\\\/oposeureka.com\\\/es\\\/aviso-legal\\\/\",\"url\":\"https:\\\/\\\/oposeureka.com\\\/es\\\/aviso-legal\\\/\",\"name\":\"Aviso legal - Centre Oposicions Eureka\",\"isPartOf\":{\"@id\":\"https:\\\/\\\/oposeureka.com\\\/#website\"},\"datePublished\":\"2025-06-03T07:06:53+00:00\",\"dateModified\":\"2025-11-27T15:32:32+00:00\",\"breadcrumb\":{\"@id\":\"https:\\\/\\\/oposeureka.com\\\/es\\\/aviso-legal\\\/#breadcrumb\"},\"inLanguage\":\"es\",\"potentialAction\":[{\"@type\":\"ReadAction\",\"target\":[\"https:\\\/\\\/oposeureka.com\\\/es\\\/aviso-legal\\\/\"]}]},{\"@type\":\"BreadcrumbList\",\"@id\":\"https:\\\/\\\/oposeureka.com\\\/es\\\/aviso-legal\\\/#breadcrumb\",\"itemListElement\":[{\"@type\":\"ListItem\",\"position\":1,\"name\":\"Portada\",\"item\":\"https:\\\/\\\/oposeureka.com\\\/es\\\/\"},{\"@type\":\"ListItem\",\"position\":2,\"name\":\"Aviso legal\"}]},{\"@type\":\"WebSite\",\"@id\":\"https:\\\/\\\/oposeureka.com\\\/#website\",\"url\":\"https:\\\/\\\/oposeureka.com\\\/\",\"name\":\"Centre Oposicions Eureka\",\"description\":\"\",\"publisher\":{\"@id\":\"https:\\\/\\\/oposeureka.com\\\/#organization\"},\"potentialAction\":[{\"@type\":\"SearchAction\",\"target\":{\"@type\":\"EntryPoint\",\"urlTemplate\":\"https:\\\/\\\/oposeureka.com\\\/?s={search_term_string}\"},\"query-input\":{\"@type\":\"PropertyValueSpecification\",\"valueRequired\":true,\"valueName\":\"search_term_string\"}}],\"inLanguage\":\"es\"},{\"@type\":\"Organization\",\"@id\":\"https:\\\/\\\/oposeureka.com\\\/#organization\",\"name\":\"Centre Oposicions Eureka\",\"url\":\"https:\\\/\\\/oposeureka.com\\\/\",\"logo\":{\"@type\":\"ImageObject\",\"inLanguage\":\"es\",\"@id\":\"https:\\\/\\\/oposeureka.com\\\/#\\\/schema\\\/logo\\\/image\\\/\",\"url\":\"https:\\\/\\\/oposeureka.com\\\/wp-content\\\/uploads\\\/2025\\\/05\\\/cropped-EUREKA-logo.png\",\"contentUrl\":\"https:\\\/\\\/oposeureka.com\\\/wp-content\\\/uploads\\\/2025\\\/05\\\/cropped-EUREKA-logo.png\",\"width\":378,\"height\":96,\"caption\":\"Centre Oposicions Eureka\"},\"image\":{\"@id\":\"https:\\\/\\\/oposeureka.com\\\/#\\\/schema\\\/logo\\\/image\\\/\"}}]}<\/script>\n<!-- \/ Yoast SEO plugin. -->","yoast_head_json":{"title":"Aviso legal - Centre Oposicions Eureka","robots":{"index":"index","follow":"follow","max-snippet":"max-snippet:-1","max-image-preview":"max-image-preview:large","max-video-preview":"max-video-preview:-1"},"canonical":"https:\/\/oposeureka.com\/es\/aviso-legal\/","og_locale":"es_ES","og_type":"article","og_title":"Aviso legal - Centre Oposicions Eureka","og_description":"AVISO LEGAL En cumplimiento de la Ley 34\/2002, de 11 de julio, de servicios de la sociedad de la informaci\u00f3n y de comercio electr\u00f3nico (LSSI-CE), la empresa informa que es titular del sitio web. De acuerdo con lo exigido en el art\u00edculo 10 de citada Ley, informa de los siguientes datos: Nombre de la empresa [&hellip;]","og_url":"https:\/\/oposeureka.com\/es\/aviso-legal\/","og_site_name":"Centre Oposicions Eureka","article_modified_time":"2025-11-27T15:32:32+00:00","twitter_card":"summary_large_image","twitter_misc":{"Tiempo de lectura":"6 minutos"},"schema":{"@context":"https:\/\/schema.org","@graph":[{"@type":"WebPage","@id":"https:\/\/oposeureka.com\/es\/aviso-legal\/","url":"https:\/\/oposeureka.com\/es\/aviso-legal\/","name":"Aviso legal - Centre Oposicions Eureka","isPartOf":{"@id":"https:\/\/oposeureka.com\/#website"},"datePublished":"2025-06-03T07:06:53+00:00","dateModified":"2025-11-27T15:32:32+00:00","breadcrumb":{"@id":"https:\/\/oposeureka.com\/es\/aviso-legal\/#breadcrumb"},"inLanguage":"es","potentialAction":[{"@type":"ReadAction","target":["https:\/\/oposeureka.com\/es\/aviso-legal\/"]}]},{"@type":"BreadcrumbList","@id":"https:\/\/oposeureka.com\/es\/aviso-legal\/#breadcrumb","itemListElement":[{"@type":"ListItem","position":1,"name":"Portada","item":"https:\/\/oposeureka.com\/es\/"},{"@type":"ListItem","position":2,"name":"Aviso legal"}]},{"@type":"WebSite","@id":"https:\/\/oposeureka.com\/#website","url":"https:\/\/oposeureka.com\/","name":"Centre Oposicions Eureka","description":"","publisher":{"@id":"https:\/\/oposeureka.com\/#organization"},"potentialAction":[{"@type":"SearchAction","target":{"@type":"EntryPoint","urlTemplate":"https:\/\/oposeureka.com\/?s={search_term_string}"},"query-input":{"@type":"PropertyValueSpecification","valueRequired":true,"valueName":"search_term_string"}}],"inLanguage":"es"},{"@type":"Organization","@id":"https:\/\/oposeureka.com\/#organization","name":"Centre Oposicions Eureka","url":"https:\/\/oposeureka.com\/","logo":{"@type":"ImageObject","inLanguage":"es","@id":"https:\/\/oposeureka.com\/#\/schema\/logo\/image\/","url":"https:\/\/oposeureka.com\/wp-content\/uploads\/2025\/05\/cropped-EUREKA-logo.png","contentUrl":"https:\/\/oposeureka.com\/wp-content\/uploads\/2025\/05\/cropped-EUREKA-logo.png","width":378,"height":96,"caption":"Centre Oposicions Eureka"},"image":{"@id":"https:\/\/oposeureka.com\/#\/schema\/logo\/image\/"}}]}},"_links":{"self":[{"href":"https:\/\/oposeureka.com\/es\/wp-json\/wp\/v2\/pages\/2007","targetHints":{"allow":["GET"]}}],"collection":[{"href":"https:\/\/oposeureka.com\/es\/wp-json\/wp\/v2\/pages"}],"about":[{"href":"https:\/\/oposeureka.com\/es\/wp-json\/wp\/v2\/types\/page"}],"author":[{"embeddable":true,"href":"https:\/\/oposeureka.com\/es\/wp-json\/wp\/v2\/users\/1"}],"replies":[{"embeddable":true,"href":"https:\/\/oposeureka.com\/es\/wp-json\/wp\/v2\/comments?post=2007"}],"version-history":[{"count":3,"href":"https:\/\/oposeureka.com\/es\/wp-json\/wp\/v2\/pages\/2007\/revisions"}],"predecessor-version":[{"id":2021,"href":"https:\/\/oposeureka.com\/es\/wp-json\/wp\/v2\/pages\/2007\/revisions\/2021"}],"wp:attachment":[{"href":"https:\/\/oposeureka.com\/es\/wp-json\/wp\/v2\/media?parent=2007"}],"curies":[{"name":"wp","href":"https:\/\/api.w.org\/{rel}","templated":true}]}}